{"id":99485,"date":"2024-07-04T09:27:55","date_gmt":"2024-07-04T09:27:55","guid":{"rendered":"https:\/\/in2.group\/a-propos-de-nous\/"},"modified":"2025-02-21T04:53:09","modified_gmt":"2025-02-21T04:53:09","slug":"a-propos-de-nous","status":"publish","type":"page","link":"https:\/\/in2.group\/fr\/a-propos-de-nous\/","title":{"rendered":"A propos de nous"},"content":{"rendered":"\t\t<div data-elementor-type=\"wp-page\" data-elementor-id=\"99485\" class=\"elementor elementor-99485 elementor-82602\">\n\t\t\t\t<div class=\"elementor-element elementor-element-7b36a1f e-flex e-con-boxed e-con e-parent\" data-id=\"7b36a1f\" data-element_type=\"container\">\n\t\t\t\t\t<div class=\"e-con-inner\">\n\t\t<div class=\"elementor-element elementor-element-eb2717a e-con-full e-flex e-con e-child\" data-id=\"eb2717a\" data-element_type=\"container\">\n\t\t<div class=\"elementor-element elementor-element-9ab8881 e-con-full e-flex e-con e-child\" data-id=\"9ab8881\" data-element_type=\"container\">\n\t\t\t\t<div class=\"elementor-element elementor-element-13fdaac cea-mobile-align-left cea-align-left animated-fast elementor-invisible elementor-widget elementor-widget-ceasectiontitle\" data-id=\"13fdaac\" data-element_type=\"widget\" data-settings=\"{&quot;_animation&quot;:&quot;fadeInUp&quot;}\" data-widget_type=\"ceasectiontitle.default\">\n\t\t\t\t<div class=\"elementor-widget-container\">\n\t\t\t\t\t<div class=\"section-title-wrapper\"><div class=\"title-wrap\"><div class=\"sub-title\"><span class=\"subtitle-dots\">In2group<\/span><\/div><h2 class=\"section-title\"><span class=\"title-prefix\">Coop\u00e9ration et innovation<\/span> <\/h2><\/div><!-- .title-wrap --><div class=\"section-description\"><\/div><!-- .section-description --><\/div><!-- .section-title-wrapper -->\t\t\t\t<\/div>\n\t\t\t\t<\/div>\n\t\t\t\t<\/div>\n\t\t<div class=\"elementor-element elementor-element-17cff53 e-con-full e-flex e-con e-child\" data-id=\"17cff53\" data-element_type=\"container\">\n\t\t\t\t<div class=\"elementor-element elementor-element-fba04db cea-btn-tablet-align-left dark-bg-button cea-btn-align-right elementor-invisible elementor-widget elementor-widget-ceabutton\" data-id=\"fba04db\" data-element_type=\"widget\" data-settings=\"{&quot;_animation&quot;:&quot;fadeInUp&quot;}\" data-widget_type=\"ceabutton.default\">\n\t\t\t\t<div class=\"elementor-widget-container cea-button-wrapper\">\r\n\t\t\t\t\t<div class=\"cea-button-wrapper\">\r\n\t\t\t<a href=\"\/fr\/neem-contact-met-ons-op\/\" class=\"cea-button-link elementor-button cea-button elementor-size-sm\">\r\n\t\t\t\t\t\t<span class=\"cea-button-content-wrapper\">\r\n\t\t\t\t\t\t<span class=\"cea-button-icon cea-align-icon-right\">\r\n\t\t\t\t<i aria-hidden=\"true\" class=\" bi-arrow-right\"><\/i>\t\t\t<\/span>\r\n\t\t\t\t\t\t<span class=\"cea-button-text\">Contact<\/span>\r\n\t\t<\/span>\r\n\t\t\t\t\t<\/a>\r\n\t\t<\/div>\r\n\t\t\t\t<\/div>\r\n\t\t\t\t<\/div>\n\t\t\t\t<\/div>\n\t\t\t\t<\/div>\n\t\t<div class=\"elementor-element elementor-element-0123044 e-con-full e-flex e-con e-child\" data-id=\"0123044\" data-element_type=\"container\">\n\t\t<div class=\"elementor-element elementor-element-a4cceaa e-con-full e-flex elementor-invisible e-con e-child\" data-id=\"a4cceaa\" data-element_type=\"container\" data-settings=\"{&quot;animation&quot;:&quot;fadeInUp&quot;}\">\n\t\t\t\t<div class=\"elementor-element elementor-element-8534204 elementor-widget-tablet__width-inherit elementor-widget elementor-widget-image\" data-id=\"8534204\" data-element_type=\"widget\" data-widget_type=\"image.default\">\n\t\t\t\t<div class=\"elementor-widget-container\">\n\t\t\t\t\t\t\t\t\t\t\t\t\t\t\t<img fetchpriority=\"high\" decoding=\"async\" width=\"768\" height=\"513\" src=\"https:\/\/in2.group\/wp-content\/uploads\/2024\/11\/youve-got-yourself-a-deal-2024-05-02-12-23-32-utc-768x513.jpg\" class=\"attachment-medium_large size-medium_large wp-image-93987\" alt=\"\" srcset=\"https:\/\/in2.group\/wp-content\/uploads\/2024\/11\/youve-got-yourself-a-deal-2024-05-02-12-23-32-utc-768x513.jpg 768w, https:\/\/in2.group\/wp-content\/uploads\/2024\/11\/youve-got-yourself-a-deal-2024-05-02-12-23-32-utc-1536x1025.jpg 1536w, https:\/\/in2.group\/wp-content\/uploads\/2024\/11\/youve-got-yourself-a-deal-2024-05-02-12-23-32-utc-2048x1367.jpg 2048w, https:\/\/in2.group\/wp-content\/uploads\/2024\/11\/youve-got-yourself-a-deal-2024-05-02-12-23-32-utc-1200x801.jpg 1200w\" sizes=\"(max-width: 768px) 100vw, 768px\" \/>\t\t\t\t\t\t\t\t\t\t\t\t\t\t\t<\/div>\n\t\t\t\t<\/div>\n\t\t<div class=\"elementor-element elementor-element-02b7024 e-con-full e-flex e-con e-child\" data-id=\"02b7024\" data-element_type=\"container\" data-settings=\"{&quot;background_background&quot;:&quot;classic&quot;}\">\n\t\t\t\t<div class=\"elementor-element elementor-element-c51b1ce elementor-widget elementor-widget-text-editor\" data-id=\"c51b1ce\" data-element_type=\"widget\" data-widget_type=\"text-editor.default\">\n\t\t\t\t<div class=\"elementor-widget-container\">\n\t\t\t\t\t\t\t\t\t<p>In2Group est une soci\u00e9t\u00e9 de conseil et de sourcing mondialement reconnue qui se consacre \u00e0 la fourniture de solutions uniques et innovantes adapt\u00e9es aux besoins de ses clients. Gr\u00e2ce \u00e0 nos partenariats exclusifs et \u00e0 notre vaste r\u00e9seau, nous fournissons des produits et des services exceptionnels qui favorisent l&rsquo;efficacit\u00e9 et stimulent la croissance des entreprises dans la r\u00e9gion EMEA et au Royaume-Uni. <\/p>\n\t\t\t\t\t\t\t\t<\/div>\n\t\t\t\t<\/div>\n\t\t\t\t<\/div>\n\t\t\t\t<\/div>\n\t\t<div class=\"elementor-element elementor-element-38e1059 e-con-full animated-slow e-flex elementor-invisible e-con e-child\" data-id=\"38e1059\" data-element_type=\"container\" data-settings=\"{&quot;animation&quot;:&quot;fadeInUp&quot;}\">\n\t\t<div class=\"elementor-element elementor-element-b5b1883 e-con-full e-flex e-con e-child\" data-id=\"b5b1883\" data-element_type=\"container\" data-settings=\"{&quot;background_background&quot;:&quot;classic&quot;}\">\n\t\t\t\t<div class=\"elementor-element elementor-element-69fe69c elementor-widget__width-initial elementor-widget-mobile__width-inherit elementor-widget-tablet__width-inherit cea-view-default elementor-widget elementor-widget-ceafeaturebox\" data-id=\"69fe69c\" data-element_type=\"widget\" data-widget_type=\"ceafeaturebox.default\">\n\t\t\t\t<div class=\"elementor-widget-container feature-box-wrapper feature-box-default\">\n\t\t\t<div class=\"feature-box-inner\"><h4 class=\"feature-box-title\">Experts en achat et en conseil<\/h4><div class=\"fbox-content\">In2Group propose des solutions uniques en mati\u00e8re d'approvisionnement et de conseil par l'interm\u00e9diaire de chaps partenaires exclusifs.\n\n\n\n\n\n\n<\/div><\/div>\t\t<\/div>\n\t\t\t\t<\/div>\n\t\t\t\t<\/div>\n\t\t\t\t<div class=\"elementor-element elementor-element-11c62a8 elementor-widget-tablet__width-inherit elementor-widget elementor-widget-image\" data-id=\"11c62a8\" data-element_type=\"widget\" data-widget_type=\"image.default\">\n\t\t\t\t<div class=\"elementor-widget-container\">\n\t\t\t\t\t\t\t\t\t\t\t\t\t\t\t<img decoding=\"async\" width=\"768\" height=\"513\" src=\"https:\/\/in2.group\/wp-content\/uploads\/2024\/11\/working-with-financial-document-2023-11-27-05-04-40-utc-768x513.jpg\" class=\"attachment-medium_large size-medium_large wp-image-93981\" alt=\"\" srcset=\"https:\/\/in2.group\/wp-content\/uploads\/2024\/11\/working-with-financial-document-2023-11-27-05-04-40-utc-768x513.jpg 768w, https:\/\/in2.group\/wp-content\/uploads\/2024\/11\/working-with-financial-document-2023-11-27-05-04-40-utc-1536x1025.jpg 1536w, https:\/\/in2.group\/wp-content\/uploads\/2024\/11\/working-with-financial-document-2023-11-27-05-04-40-utc-2048x1367.jpg 2048w, https:\/\/in2.group\/wp-content\/uploads\/2024\/11\/working-with-financial-document-2023-11-27-05-04-40-utc-1200x801.jpg 1200w\" sizes=\"(max-width: 768px) 100vw, 768px\" \/>\t\t\t\t\t\t\t\t\t\t\t\t\t\t\t<\/div>\n\t\t\t\t<\/div>\n\t\t\t\t<\/div>\n\t\t\t\t<\/div>\n\t\t\t\t\t<\/div>\n\t\t\t\t<\/div>\n\t\t<div data-cea-float=\"[{&quot;float_title&quot;:&quot;Floating Image&quot;,&quot;float_img&quot;:&quot;https:\\\/\\\/wordpress.zozothemes.com\\\/finxpert\\\/wp-content\\\/uploads\\\/sites\\\/24\\\/2024\\\/06\\\/arrow-images.png&quot;,&quot;float_left&quot;:&quot;35&quot;,&quot;float_top&quot;:&quot;34&quot;,&quot;float_distance&quot;:&quot;100&quot;,&quot;float_animation&quot;:&quot;1&quot;,&quot;float_mouse&quot;:&quot;0&quot;,&quot;float_width&quot;:&quot;150px&quot;}]\" class=\"elementor-element elementor-element-7bd7f192 e-flex e-con-boxed e-con e-parent\" data-id=\"7bd7f192\" data-element_type=\"container\" data-settings=\"{&quot;background_background&quot;:&quot;classic&quot;}\">\n\t\t\t\t\t<div class=\"e-con-inner\">\n\t\t<div class=\"elementor-element elementor-element-1ba3b89a e-con-full e-flex e-con e-child\" data-id=\"1ba3b89a\" data-element_type=\"container\" data-settings=\"{&quot;background_background&quot;:&quot;classic&quot;}\">\n\t\t<div class=\"elementor-element elementor-element-1f80a7f5 e-con-full e-flex e-con e-child\" data-id=\"1f80a7f5\" data-element_type=\"container\" data-settings=\"{&quot;background_background&quot;:&quot;classic&quot;}\">\n\t\t\t\t<div class=\"elementor-element elementor-element-7a264d9c cea-tablet-align-center elementor-widget elementor-widget-ceasectiontitle\" data-id=\"7a264d9c\" data-element_type=\"widget\" data-widget_type=\"ceasectiontitle.default\">\n\t\t\t\t<div class=\"elementor-widget-container\">\n\t\t\t\t\t<div class=\"section-title-wrapper\"><div class=\"title-wrap\"><div class=\"sub-title\"><span class=\"subtitle-dots\">\u00c0 propos de in2Group<\/span><\/div><h2 class=\"section-title\">Des solutions innovantes pour votre entreprise<\/h2><\/div><!-- .title-wrap --><div class=\"section-description\"><\/div><!-- .section-description --><\/div><!-- .section-title-wrapper -->\t\t\t\t<\/div>\n\t\t\t\t<\/div>\n\t\t\t\t<\/div>\n\t\t<div class=\"elementor-element elementor-element-6e011310 e-con-full square-before e-flex e-con e-child\" data-id=\"6e011310\" data-element_type=\"container\">\n\t\t<div class=\"elementor-element elementor-element-129cd2f2 e-con-full e-flex e-con e-child\" data-id=\"129cd2f2\" data-element_type=\"container\">\n\t\t\t\t<div class=\"elementor-element elementor-element-25c28dba elementor-widget elementor-widget-image\" data-id=\"25c28dba\" data-element_type=\"widget\" data-widget_type=\"image.default\">\n\t\t\t\t<div class=\"elementor-widget-container\">\n\t\t\t\t\t\t\t\t\t\t\t\t\t\t\t<img decoding=\"async\" src=\"https:\/\/in2.group\/wp-content\/uploads\/2024\/06\/home4-image3-copyright-2.jpg\" title=\"home4-image3-copyright\" alt=\"home4-image3-copyright\" loading=\"lazy\" \/>\t\t\t\t\t\t\t\t\t\t\t\t\t\t\t<\/div>\n\t\t\t\t<\/div>\n\t\t\t\t<\/div>\n\t\t<div class=\"elementor-element elementor-element-7a6630a1 e-con-full e-flex e-con e-child\" data-id=\"7a6630a1\" data-element_type=\"container\">\n\t\t<div class=\"elementor-element elementor-element-675535e7 e-con-full e-flex e-con e-child\" data-id=\"675535e7\" data-element_type=\"container\">\n\t\t\t\t<\/div>\n\t\t\t\t<\/div>\n\t\t\t\t<\/div>\n\t\t\t\t<\/div>\n\t\t<div class=\"elementor-element elementor-element-4ee7c119 e-con-full e-flex e-con e-child\" data-id=\"4ee7c119\" data-element_type=\"container\">\n\t\t<div class=\"elementor-element elementor-element-431ccc10 e-con-full e-flex e-con e-child\" data-id=\"431ccc10\" data-element_type=\"container\">\n\t\t<div class=\"elementor-element elementor-element-4a16b524 e-con-full e-flex e-con e-child\" data-id=\"4a16b524\" data-element_type=\"container\">\n\t\t\t\t<div class=\"elementor-element elementor-element-3045e7f6 elementor-widget elementor-widget-image\" data-id=\"3045e7f6\" data-element_type=\"widget\" data-widget_type=\"image.default\">\n\t\t\t\t<div class=\"elementor-widget-container\">\n\t\t\t\t\t\t\t\t\t\t\t\t\t\t\t<img decoding=\"async\" width=\"768\" height=\"431\" src=\"https:\/\/in2.group\/wp-content\/uploads\/2024\/06\/about-bg-2.jpg\" class=\"attachment-medium_large size-medium_large wp-image-80051\" alt=\"\" \/>\t\t\t\t\t\t\t\t\t\t\t\t\t\t\t<\/div>\n\t\t\t\t<\/div>\n\t\t\t\t<\/div>\n\t\t\t\t<\/div>\n\t\t<div class=\"elementor-element elementor-element-17e796cc e-con-full e-flex e-con e-child\" data-id=\"17e796cc\" data-element_type=\"container\">\n\t\t<div class=\"elementor-element elementor-element-375a62fc e-con-full e-flex e-con e-child\" data-id=\"375a62fc\" data-element_type=\"container\">\n\t\t\t\t<div class=\"elementor-element elementor-element-967b3de elementor-widget elementor-widget-text-editor\" data-id=\"967b3de\" data-element_type=\"widget\" data-widget_type=\"text-editor.default\">\n\t\t\t\t<div class=\"elementor-widget-container\">\n\t\t\t\t\t\t\t\t\t<p><em>In2Group est votre partenaire de confiance pour naviguer dans les complexit\u00e9s du sourcing et du consulting. Forts de nos ann\u00e9es d&rsquo;exp\u00e9rience et d&rsquo;un solide r\u00e9seau de partenariats exclusifs, nous proposons des solutions uniques et inventives adapt\u00e9es \u00e0 vos d\u00e9fis sp\u00e9cifiques en mati\u00e8re de produits et de services. Gr\u00e2ce \u00e0 l&rsquo;acc\u00e8s \u00e0 des produits brevet\u00e9s, nous vous garantissons des offres qui se d\u00e9marquent sur le march\u00e9.  <\/em><\/p>\n\t\t\t\t\t\t\t\t<\/div>\n\t\t\t\t<\/div>\n\t\t\t\t<\/div>\n\t\t\t\t<\/div>\n\t\t<div class=\"elementor-element elementor-element-6911bb4 e-con-full e-flex e-con e-child\" data-id=\"6911bb4\" data-element_type=\"container\">\n\t\t<div class=\"elementor-element elementor-element-4cd3f19 e-con-full e-flex e-con e-child\" data-id=\"4cd3f19\" data-element_type=\"container\">\n\t\t\t\t<div class=\"elementor-element elementor-element-4c73caa7 elementor-widget elementor-widget-ceaiconlist\" data-id=\"4c73caa7\" data-element_type=\"widget\" data-widget_type=\"ceaiconlist.default\">\n\t\t\t\t<div class=\"elementor-widget-container\">\n\t\t\t\t\t\t\t\r\n\t\t<ul class=\"nav flex-column cea-icon-list\">\r\n\t\t<li class=\"cea-icon-list-item\">\t\t\t\t\t<span class=\"cea-icon-list-icon\">\r\n\t\t\t\t\t\t<i aria-hidden=\"true\" class=\" bi-arrow-up-right-circle-fill\"><\/i>\t\t\t\t\t<\/span>\r\n\t\t\t\t<span class=\"icon-list-text\">Une grande exp\u00e9rience de l'industrie<\/span><\/li><li class=\"cea-icon-list-item\">\t\t\t\t\t<span class=\"cea-icon-list-icon\">\r\n\t\t\t\t\t\t<i aria-hidden=\"true\" class=\" bi-arrow-up-right-circle-fill\"><\/i>\t\t\t\t\t<\/span>\r\n\t\t\t\t<span class=\"icon-list-text\">Partenariats exclusifs<\/span><\/li><li class=\"cea-icon-list-item\">\t\t\t\t\t<span class=\"cea-icon-list-icon\">\r\n\t\t\t\t\t\t<i aria-hidden=\"true\" class=\" bi-arrow-up-right-circle-fill\"><\/i>\t\t\t\t\t<\/span>\r\n\t\t\t\t<span class=\"icon-list-text\">Engagement en faveur de la qualit\u00e9<\/span><\/li><li class=\"cea-icon-list-item\">\t\t\t\t\t<span class=\"cea-icon-list-icon\">\r\n\t\t\t\t\t\t<i aria-hidden=\"true\" class=\" bi-arrow-up-right-circle-fill\"><\/i>\t\t\t\t\t<\/span>\r\n\t\t\t\t<span class=\"icon-list-text\">R\u00e9seau mondial<\/span><\/li>\t\t<\/ul>\r\n\t\t\r\n\t\t\t\t\t\t<\/div>\n\t\t\t\t<\/div>\n\t\t\t\t<\/div>\n\t\t<div class=\"elementor-element elementor-element-5a7f4f71 e-con-full e-flex e-con e-child\" data-id=\"5a7f4f71\" data-element_type=\"container\">\n\t\t\t\t<div class=\"elementor-element elementor-element-5dc5f35a elementor-widget elementor-widget-ceaiconlist\" data-id=\"5dc5f35a\" data-element_type=\"widget\" data-widget_type=\"ceaiconlist.default\">\n\t\t\t\t<div class=\"elementor-widget-container\">\n\t\t\t\t\t\t\t\r\n\t\t<ul class=\"nav flex-column cea-icon-list\">\r\n\t\t<li class=\"cea-icon-list-item\">\t\t\t\t\t<span class=\"cea-icon-list-icon\">\r\n\t\t\t\t\t\t<i aria-hidden=\"true\" class=\" bi-arrow-up-right-circle-fill\"><\/i>\t\t\t\t\t<\/span>\r\n\t\t\t\t<span class=\"icon-list-text\">Approche innovante<\/span><\/li><li class=\"cea-icon-list-item\">\t\t\t\t\t<span class=\"cea-icon-list-icon\">\r\n\t\t\t\t\t\t<i aria-hidden=\"true\" class=\" bi-arrow-up-right-circle-fill\"><\/i>\t\t\t\t\t<\/span>\r\n\t\t\t\t<span class=\"icon-list-text\">Plate-forme commerciale B2B<\/span><\/li><li class=\"cea-icon-list-item\">\t\t\t\t\t<span class=\"cea-icon-list-icon\">\r\n\t\t\t\t\t\t<i aria-hidden=\"true\" class=\" bi-arrow-up-right-circle-fill\"><\/i>\t\t\t\t\t<\/span>\r\n\t\t\t\t<span class=\"icon-list-text\">Partage des connaissances<\/span><\/li><li class=\"cea-icon-list-item\">\t\t\t\t\t<span class=\"cea-icon-list-icon\">\r\n\t\t\t\t\t\t<i aria-hidden=\"true\" class=\" bi-arrow-up-right-circle-fill\"><\/i>\t\t\t\t\t<\/span>\r\n\t\t\t\t<span class=\"icon-list-text\">Solutions personnalis\u00e9es<\/span><\/li>\t\t<\/ul>\r\n\t\t\r\n\t\t\t\t\t\t<\/div>\n\t\t\t\t<\/div>\n\t\t\t\t<\/div>\n\t\t\t\t<\/div>\n\t\t\t\t<\/div>\n\t\t\t\t\t<\/div>\n\t\t\t\t<\/div>\n\t\t<div class=\"elementor-element elementor-element-ee39b7b e-flex e-con-boxed e-con e-parent\" data-id=\"ee39b7b\" data-element_type=\"container\" data-settings=\"{&quot;background_background&quot;:&quot;classic&quot;}\">\n\t\t\t\t\t<div class=\"e-con-inner\">\n\t\t<div class=\"elementor-element elementor-element-9b91258 e-con-full e-flex e-con e-child\" data-id=\"9b91258\" data-element_type=\"container\">\n\t\t<div class=\"elementor-element elementor-element-9ae37fd e-con-full e-flex e-con e-child\" data-id=\"9ae37fd\" data-element_type=\"container\">\n\t\t\t\t<div class=\"elementor-element elementor-element-fdc40ff cea-mobile-align-left elementor-widget elementor-widget-ceasectiontitle\" data-id=\"fdc40ff\" data-element_type=\"widget\" data-widget_type=\"ceasectiontitle.default\">\n\t\t\t\t<div class=\"elementor-widget-container\">\n\t\t\t\t\t<div class=\"section-title-wrapper\"><div class=\"title-wrap\"><div class=\"sub-title\"><span class=\"subtitle-dots\">in2Group<\/span><\/div><h2 class=\"section-title\">Renforcer les entreprises gr\u00e2ce \u00e0 des solutions innovantes  <\/h2><\/div><!-- .title-wrap --><div class=\"section-description\"><\/div><!-- .section-description --><\/div><!-- .section-title-wrapper -->\t\t\t\t<\/div>\n\t\t\t\t<\/div>\n\t\t\t\t<\/div>\n\t\t<div class=\"elementor-element elementor-element-78966b1 e-con-full e-flex e-con e-child\" data-id=\"78966b1\" data-element_type=\"container\">\n\t\t\t\t<div class=\"elementor-element elementor-element-7e22a85 cea-btn-tablet-align-left dark-bg-button elementor-invisible elementor-widget elementor-widget-ceabutton\" data-id=\"7e22a85\" data-element_type=\"widget\" data-settings=\"{&quot;_animation&quot;:&quot;fadeInUp&quot;}\" data-widget_type=\"ceabutton.default\">\n\t\t\t\t<div class=\"elementor-widget-container cea-button-wrapper\">\r\n\t\t\t\t\t<div class=\"cea-button-wrapper\">\r\n\t\t\t<a href=\"\/fr\/neem-contact-met-ons-op\/\" class=\"cea-button-link elementor-button cea-button elementor-size-sm\">\r\n\t\t\t\t\t\t<span class=\"cea-button-content-wrapper\">\r\n\t\t\t\t\t\t<span class=\"cea-button-icon cea-align-icon-right\">\r\n\t\t\t\t<i aria-hidden=\"true\" class=\" bi-arrow-right\"><\/i>\t\t\t<\/span>\r\n\t\t\t\t\t\t<span class=\"cea-button-text\">Contact<\/span>\r\n\t\t<\/span>\r\n\t\t\t\t\t<\/a>\r\n\t\t<\/div>\r\n\t\t\t\t<\/div>\r\n\t\t\t\t<\/div>\n\t\t\t\t<\/div>\n\t\t\t\t<\/div>\n\t\t<div class=\"elementor-element elementor-element-4bfcee9 e-flex e-con-boxed e-con e-child\" data-id=\"4bfcee9\" data-element_type=\"container\">\n\t\t\t\t\t<div class=\"e-con-inner\">\n\t\t<div class=\"elementor-element elementor-element-12129a4 e-con-full e-flex e-con e-child\" data-id=\"12129a4\" data-element_type=\"container\">\n\t\t<div class=\"elementor-element elementor-element-4fc12a2 e-con-full e-flex e-con e-child\" data-id=\"4fc12a2\" data-element_type=\"container\">\n\t\t<div class=\"elementor-element elementor-element-b46be9d e-con-full e-flex e-con e-child\" data-id=\"b46be9d\" data-element_type=\"container\">\n\t\t\t\t<div class=\"elementor-element elementor-element-286d87a elementor-widget elementor-widget-image\" data-id=\"286d87a\" data-element_type=\"widget\" data-widget_type=\"image.default\">\n\t\t\t\t<div class=\"elementor-widget-container\">\n\t\t\t\t\t\t\t\t\t\t\t\t\t\t\t<img loading=\"lazy\" decoding=\"async\" width=\"64\" height=\"64\" src=\"https:\/\/in2.group\/wp-content\/uploads\/2024\/10\/magnifying-glass-1.png\" class=\"attachment-large size-large wp-image-93211\" alt=\"\" \/>\t\t\t\t\t\t\t\t\t\t\t\t\t\t\t<\/div>\n\t\t\t\t<\/div>\n\t\t\t\t<\/div>\n\t\t<div class=\"elementor-element elementor-element-130ac11 e-con-full e-flex e-con e-child\" data-id=\"130ac11\" data-element_type=\"container\">\n\t\t\t\t<div class=\"elementor-element elementor-element-136e985 cea-view-default elementor-widget elementor-widget-ceafeaturebox\" data-id=\"136e985\" data-element_type=\"widget\" data-widget_type=\"ceafeaturebox.default\">\n\t\t\t\t<div class=\"elementor-widget-container feature-box-wrapper feature-box-default\">\n\t\t\t<div class=\"feature-box-inner\"><h4 class=\"feature-box-title\">Partenariats<\/h4><div class=\"fbox-content\">In2Group propose des produits uniques gr\u00e2ce \u00e0 des partenariats exclusifs, offrant ainsi \u00e0 ses clients un avantage concurrentiel significatif.\n\n\n\n\n\n\n<\/div><\/div>\t\t<\/div>\n\t\t\t\t<\/div>\n\t\t\t\t<\/div>\n\t\t\t\t<\/div>\n\t\t<div class=\"elementor-element elementor-element-3833b67 e-con-full e-flex e-con e-child\" data-id=\"3833b67\" data-element_type=\"container\">\n\t\t<div class=\"elementor-element elementor-element-a2b3011 e-con-full e-flex e-con e-child\" data-id=\"a2b3011\" data-element_type=\"container\">\n\t\t\t\t<div class=\"elementor-element elementor-element-37f00d5 elementor-widget elementor-widget-image\" data-id=\"37f00d5\" data-element_type=\"widget\" data-widget_type=\"image.default\">\n\t\t\t\t<div class=\"elementor-widget-container\">\n\t\t\t\t\t\t\t\t\t\t\t\t\t\t\t<img loading=\"lazy\" decoding=\"async\" width=\"64\" height=\"64\" src=\"https:\/\/in2.group\/wp-content\/uploads\/2024\/10\/partnership.png\" class=\"attachment-large size-large wp-image-93203\" alt=\"\" \/>\t\t\t\t\t\t\t\t\t\t\t\t\t\t\t<\/div>\n\t\t\t\t<\/div>\n\t\t\t\t<\/div>\n\t\t<div class=\"elementor-element elementor-element-7f5833d e-con-full e-flex e-con e-child\" data-id=\"7f5833d\" data-element_type=\"container\">\n\t\t\t\t<div class=\"elementor-element elementor-element-86ebef9 cea-view-default elementor-widget elementor-widget-ceafeaturebox\" data-id=\"86ebef9\" data-element_type=\"widget\" data-widget_type=\"ceafeaturebox.default\">\n\t\t\t\t<div class=\"elementor-widget-container feature-box-wrapper feature-box-default\">\n\t\t\t<div class=\"feature-box-inner\"><h4 class=\"feature-box-title\">Plate-forme B2B<\/h4><div class=\"fbox-content\">Notre plateforme B2B met en relation les entreprises et les fournisseurs dans la r\u00e9gion EMEA et au Royaume-Uni, favorisant ainsi la croissance des entreprises.\n\n\n\n\n\n\n<\/div><\/div>\t\t<\/div>\n\t\t\t\t<\/div>\n\t\t\t\t<\/div>\n\t\t\t\t<\/div>\n\t\t<div class=\"elementor-element elementor-element-770db11 e-con-full e-flex e-con e-child\" data-id=\"770db11\" data-element_type=\"container\">\n\t\t<div class=\"elementor-element elementor-element-48c06f7 e-con-full e-flex e-con e-child\" data-id=\"48c06f7\" data-element_type=\"container\">\n\t\t\t\t<div class=\"elementor-element elementor-element-2175b23 elementor-widget elementor-widget-image\" data-id=\"2175b23\" data-element_type=\"widget\" data-widget_type=\"image.default\">\n\t\t\t\t<div class=\"elementor-widget-container\">\n\t\t\t\t\t\t\t\t\t\t\t\t\t\t\t<img loading=\"lazy\" decoding=\"async\" width=\"64\" height=\"64\" src=\"https:\/\/in2.group\/wp-content\/uploads\/2024\/10\/collaboration.png\" class=\"attachment-large size-large wp-image-93204\" alt=\"\" \/>\t\t\t\t\t\t\t\t\t\t\t\t\t\t\t<\/div>\n\t\t\t\t<\/div>\n\t\t\t\t<\/div>\n\t\t<div class=\"elementor-element elementor-element-6be9020 e-con-full e-flex e-con e-child\" data-id=\"6be9020\" data-element_type=\"container\">\n\t\t\t\t<div class=\"elementor-element elementor-element-6c8d764 cea-view-default elementor-widget elementor-widget-ceafeaturebox\" data-id=\"6c8d764\" data-element_type=\"widget\" data-widget_type=\"ceafeaturebox.default\">\n\t\t\t\t<div class=\"elementor-widget-container feature-box-wrapper feature-box-default\">\n\t\t\t<div class=\"feature-box-inner\"><h4 class=\"feature-box-title\">  Collaboration<\/h4><div class=\"fbox-content\">In2Group, c'est avant tout une collaboration qui d\u00e9bouche sur des solutions sur mesure et un succ\u00e8s \u00e0 long terme pour tous.\n\n\n\n\n\n\n<\/div><\/div>\t\t<\/div>\n\t\t\t\t<\/div>\n\t\t\t\t<\/div>\n\t\t\t\t<\/div>\n\t\t\t\t<\/div>\n\t\t<div class=\"elementor-element elementor-element-ff0ba9f e-con-full e-flex e-con e-child\" data-id=\"ff0ba9f\" data-element_type=\"container\" data-settings=\"{&quot;background_background&quot;:&quot;classic&quot;}\">\n\t\t\t\t<\/div>\n\t\t\t\t\t<\/div>\n\t\t\t\t<\/div>\n\t\t\t\t\t<\/div>\n\t\t\t\t<\/div>\n\t\t\t\t<\/div>\n\t\t","protected":false},"excerpt":{"rendered":"<p>In2group Coop\u00e9ration et innovation Contact In2Group est une soci\u00e9t\u00e9 de conseil et de sourcing mondialement reconnue qui se consacre \u00e0 la fourniture de solutions uniques et innovantes..<\/p>\n","protected":false},"author":1,"featured_media":0,"parent":0,"menu_order":0,"comment_status":"closed","ping_status":"closed","template":"","meta":{"footnotes":""},"class_list":["post-99485","page","type-page","status-publish","hentry"],"_links":{"self":[{"href":"https:\/\/in2.group\/fr\/wp-json\/wp\/v2\/pages\/99485","targetHints":{"allow":["GET"]}}],"collection":[{"href":"https:\/\/in2.group\/fr\/wp-json\/wp\/v2\/pages"}],"about":[{"href":"https:\/\/in2.group\/fr\/wp-json\/wp\/v2\/types\/page"}],"author":[{"embeddable":true,"href":"https:\/\/in2.group\/fr\/wp-json\/wp\/v2\/users\/1"}],"replies":[{"embeddable":true,"href":"https:\/\/in2.group\/fr\/wp-json\/wp\/v2\/comments?post=99485"}],"version-history":[{"count":4,"href":"https:\/\/in2.group\/fr\/wp-json\/wp\/v2\/pages\/99485\/revisions"}],"predecessor-version":[{"id":100739,"href":"https:\/\/in2.group\/fr\/wp-json\/wp\/v2\/pages\/99485\/revisions\/100739"}],"wp:attachment":[{"href":"https:\/\/in2.group\/fr\/wp-json\/wp\/v2\/media?parent=99485"}],"curies":[{"name":"wp","href":"https:\/\/api.w.org\/{rel}","templated":true}]}}