{"id":100087,"date":"2024-07-04T09:27:55","date_gmt":"2024-07-04T09:27:55","guid":{"rendered":"https:\/\/in2.group\/sobre-nosotros\/"},"modified":"2025-02-21T04:53:09","modified_gmt":"2025-02-21T04:53:09","slug":"sobre-nosotros","status":"publish","type":"page","link":"https:\/\/in2.group\/es\/sobre-nosotros\/","title":{"rendered":"Sobre nosotros"},"content":{"rendered":"\t\t<div data-elementor-type=\"wp-page\" data-elementor-id=\"100087\" class=\"elementor elementor-100087 elementor-82602\">\n\t\t\t\t<div class=\"elementor-element elementor-element-7b36a1f e-flex e-con-boxed e-con e-parent\" data-id=\"7b36a1f\" data-element_type=\"container\">\n\t\t\t\t\t<div class=\"e-con-inner\">\n\t\t<div class=\"elementor-element elementor-element-eb2717a e-con-full e-flex e-con e-child\" data-id=\"eb2717a\" data-element_type=\"container\">\n\t\t<div class=\"elementor-element elementor-element-9ab8881 e-con-full e-flex e-con e-child\" data-id=\"9ab8881\" data-element_type=\"container\">\n\t\t\t\t<div class=\"elementor-element elementor-element-13fdaac cea-mobile-align-left cea-align-left animated-fast elementor-invisible elementor-widget elementor-widget-ceasectiontitle\" data-id=\"13fdaac\" data-element_type=\"widget\" data-settings=\"{&quot;_animation&quot;:&quot;fadeInUp&quot;}\" data-widget_type=\"ceasectiontitle.default\">\n\t\t\t\t<div class=\"elementor-widget-container\">\n\t\t\t\t\t<div class=\"section-title-wrapper\"><div class=\"title-wrap\"><div class=\"sub-title\"><span class=\"subtitle-dots\">In2group<\/span><\/div><h2 class=\"section-title\"><span class=\"title-prefix\">Cooperaci\u00f3n e innovaci\u00f3n<\/span> <\/h2><\/div><!-- .title-wrap --><div class=\"section-description\"><\/div><!-- .section-description --><\/div><!-- .section-title-wrapper -->\t\t\t\t<\/div>\n\t\t\t\t<\/div>\n\t\t\t\t<\/div>\n\t\t<div class=\"elementor-element elementor-element-17cff53 e-con-full e-flex e-con e-child\" data-id=\"17cff53\" data-element_type=\"container\">\n\t\t\t\t<div class=\"elementor-element elementor-element-fba04db cea-btn-tablet-align-left dark-bg-button cea-btn-align-right elementor-invisible elementor-widget elementor-widget-ceabutton\" data-id=\"fba04db\" data-element_type=\"widget\" data-settings=\"{&quot;_animation&quot;:&quot;fadeInUp&quot;}\" data-widget_type=\"ceabutton.default\">\n\t\t\t\t<div class=\"elementor-widget-container cea-button-wrapper\">\r\n\t\t\t\t\t<div class=\"cea-button-wrapper\">\r\n\t\t\t<a href=\"\/es\/neem-contact-met-ons-op\/\" class=\"cea-button-link elementor-button cea-button elementor-size-sm\">\r\n\t\t\t\t\t\t<span class=\"cea-button-content-wrapper\">\r\n\t\t\t\t\t\t<span class=\"cea-button-icon cea-align-icon-right\">\r\n\t\t\t\t<i aria-hidden=\"true\" class=\" bi-arrow-right\"><\/i>\t\t\t<\/span>\r\n\t\t\t\t\t\t<span class=\"cea-button-text\">Ponte en contacto con<\/span>\r\n\t\t<\/span>\r\n\t\t\t\t\t<\/a>\r\n\t\t<\/div>\r\n\t\t\t\t<\/div>\r\n\t\t\t\t<\/div>\n\t\t\t\t<\/div>\n\t\t\t\t<\/div>\n\t\t<div class=\"elementor-element elementor-element-0123044 e-con-full e-flex e-con e-child\" data-id=\"0123044\" data-element_type=\"container\">\n\t\t<div class=\"elementor-element elementor-element-a4cceaa e-con-full e-flex elementor-invisible e-con e-child\" data-id=\"a4cceaa\" data-element_type=\"container\" data-settings=\"{&quot;animation&quot;:&quot;fadeInUp&quot;}\">\n\t\t\t\t<div class=\"elementor-element elementor-element-8534204 elementor-widget-tablet__width-inherit elementor-widget elementor-widget-image\" data-id=\"8534204\" data-element_type=\"widget\" data-widget_type=\"image.default\">\n\t\t\t\t<div class=\"elementor-widget-container\">\n\t\t\t\t\t\t\t\t\t\t\t\t\t\t\t<img fetchpriority=\"high\" decoding=\"async\" width=\"768\" height=\"513\" src=\"https:\/\/in2.group\/wp-content\/uploads\/2024\/11\/youve-got-yourself-a-deal-2024-05-02-12-23-32-utc-768x513.jpg\" class=\"attachment-medium_large size-medium_large wp-image-93987\" alt=\"\" srcset=\"https:\/\/in2.group\/wp-content\/uploads\/2024\/11\/youve-got-yourself-a-deal-2024-05-02-12-23-32-utc-768x513.jpg 768w, https:\/\/in2.group\/wp-content\/uploads\/2024\/11\/youve-got-yourself-a-deal-2024-05-02-12-23-32-utc-1536x1025.jpg 1536w, https:\/\/in2.group\/wp-content\/uploads\/2024\/11\/youve-got-yourself-a-deal-2024-05-02-12-23-32-utc-2048x1367.jpg 2048w, https:\/\/in2.group\/wp-content\/uploads\/2024\/11\/youve-got-yourself-a-deal-2024-05-02-12-23-32-utc-1200x801.jpg 1200w\" sizes=\"(max-width: 768px) 100vw, 768px\" \/>\t\t\t\t\t\t\t\t\t\t\t\t\t\t\t<\/div>\n\t\t\t\t<\/div>\n\t\t<div class=\"elementor-element elementor-element-02b7024 e-con-full e-flex e-con e-child\" data-id=\"02b7024\" data-element_type=\"container\" data-settings=\"{&quot;background_background&quot;:&quot;classic&quot;}\">\n\t\t\t\t<div class=\"elementor-element elementor-element-c51b1ce elementor-widget elementor-widget-text-editor\" data-id=\"c51b1ce\" data-element_type=\"widget\" data-widget_type=\"text-editor.default\">\n\t\t\t\t<div class=\"elementor-widget-container\">\n\t\t\t\t\t\t\t\t\t<p>In2Group es una empresa de contrataci\u00f3n y consultor\u00eda reconocida en todo el mundo, dedicada a ofrecer soluciones \u00fanicas e innovadoras adaptadas a las necesidades de nuestros clientes. A trav\u00e9s de nuestras asociaciones exclusivas y nuestra amplia red, proporcionamos productos y servicios excepcionales que impulsan la eficacia y el crecimiento de las empresas en la regi\u00f3n EMEA y el Reino Unido. <\/p>\n\t\t\t\t\t\t\t\t<\/div>\n\t\t\t\t<\/div>\n\t\t\t\t<\/div>\n\t\t\t\t<\/div>\n\t\t<div class=\"elementor-element elementor-element-38e1059 e-con-full animated-slow e-flex elementor-invisible e-con e-child\" data-id=\"38e1059\" data-element_type=\"container\" data-settings=\"{&quot;animation&quot;:&quot;fadeInUp&quot;}\">\n\t\t<div class=\"elementor-element elementor-element-b5b1883 e-con-full e-flex e-con e-child\" data-id=\"b5b1883\" data-element_type=\"container\" data-settings=\"{&quot;background_background&quot;:&quot;classic&quot;}\">\n\t\t\t\t<div class=\"elementor-element elementor-element-69fe69c elementor-widget__width-initial elementor-widget-mobile__width-inherit elementor-widget-tablet__width-inherit cea-view-default elementor-widget elementor-widget-ceafeaturebox\" data-id=\"69fe69c\" data-element_type=\"widget\" data-widget_type=\"ceafeaturebox.default\">\n\t\t\t\t<div class=\"elementor-widget-container feature-box-wrapper feature-box-default\">\n\t\t\t<div class=\"feature-box-inner\"><h4 class=\"feature-box-title\">Expertos en compras y consultor\u00eda<\/h4><div class=\"fbox-content\">In2Group ofrece soluciones \u00fanicas de aprovisionamiento y asesoramiento a trav\u00e9s de chaps de socios exclusivos.\n\n\n\n\n\n\n<\/div><\/div>\t\t<\/div>\n\t\t\t\t<\/div>\n\t\t\t\t<\/div>\n\t\t\t\t<div class=\"elementor-element elementor-element-11c62a8 elementor-widget-tablet__width-inherit elementor-widget elementor-widget-image\" data-id=\"11c62a8\" data-element_type=\"widget\" data-widget_type=\"image.default\">\n\t\t\t\t<div class=\"elementor-widget-container\">\n\t\t\t\t\t\t\t\t\t\t\t\t\t\t\t<img decoding=\"async\" width=\"768\" height=\"513\" src=\"https:\/\/in2.group\/wp-content\/uploads\/2024\/11\/working-with-financial-document-2023-11-27-05-04-40-utc-768x513.jpg\" class=\"attachment-medium_large size-medium_large wp-image-93981\" alt=\"\" srcset=\"https:\/\/in2.group\/wp-content\/uploads\/2024\/11\/working-with-financial-document-2023-11-27-05-04-40-utc-768x513.jpg 768w, https:\/\/in2.group\/wp-content\/uploads\/2024\/11\/working-with-financial-document-2023-11-27-05-04-40-utc-1536x1025.jpg 1536w, https:\/\/in2.group\/wp-content\/uploads\/2024\/11\/working-with-financial-document-2023-11-27-05-04-40-utc-2048x1367.jpg 2048w, https:\/\/in2.group\/wp-content\/uploads\/2024\/11\/working-with-financial-document-2023-11-27-05-04-40-utc-1200x801.jpg 1200w\" sizes=\"(max-width: 768px) 100vw, 768px\" \/>\t\t\t\t\t\t\t\t\t\t\t\t\t\t\t<\/div>\n\t\t\t\t<\/div>\n\t\t\t\t<\/div>\n\t\t\t\t<\/div>\n\t\t\t\t\t<\/div>\n\t\t\t\t<\/div>\n\t\t<div data-cea-float=\"[{&quot;float_title&quot;:&quot;Floating Image&quot;,&quot;float_img&quot;:&quot;https:\\\/\\\/wordpress.zozothemes.com\\\/finxpert\\\/wp-content\\\/uploads\\\/sites\\\/24\\\/2024\\\/06\\\/arrow-images.png&quot;,&quot;float_left&quot;:&quot;35&quot;,&quot;float_top&quot;:&quot;34&quot;,&quot;float_distance&quot;:&quot;100&quot;,&quot;float_animation&quot;:&quot;1&quot;,&quot;float_mouse&quot;:&quot;0&quot;,&quot;float_width&quot;:&quot;150px&quot;}]\" class=\"elementor-element elementor-element-7bd7f192 e-flex e-con-boxed e-con e-parent\" data-id=\"7bd7f192\" data-element_type=\"container\" data-settings=\"{&quot;background_background&quot;:&quot;classic&quot;}\">\n\t\t\t\t\t<div class=\"e-con-inner\">\n\t\t<div class=\"elementor-element elementor-element-1ba3b89a e-con-full e-flex e-con e-child\" data-id=\"1ba3b89a\" data-element_type=\"container\" data-settings=\"{&quot;background_background&quot;:&quot;classic&quot;}\">\n\t\t<div class=\"elementor-element elementor-element-1f80a7f5 e-con-full e-flex e-con e-child\" data-id=\"1f80a7f5\" data-element_type=\"container\" data-settings=\"{&quot;background_background&quot;:&quot;classic&quot;}\">\n\t\t\t\t<div class=\"elementor-element elementor-element-7a264d9c cea-tablet-align-center elementor-widget elementor-widget-ceasectiontitle\" data-id=\"7a264d9c\" data-element_type=\"widget\" data-widget_type=\"ceasectiontitle.default\">\n\t\t\t\t<div class=\"elementor-widget-container\">\n\t\t\t\t\t<div class=\"section-title-wrapper\"><div class=\"title-wrap\"><div class=\"sub-title\"><span class=\"subtitle-dots\">Acerca de in2Group<\/span><\/div><h2 class=\"section-title\">Soluciones innovadoras para tu empresa<\/h2><\/div><!-- .title-wrap --><div class=\"section-description\"><\/div><!-- .section-description --><\/div><!-- .section-title-wrapper -->\t\t\t\t<\/div>\n\t\t\t\t<\/div>\n\t\t\t\t<\/div>\n\t\t<div class=\"elementor-element elementor-element-6e011310 e-con-full square-before e-flex e-con e-child\" data-id=\"6e011310\" data-element_type=\"container\">\n\t\t<div class=\"elementor-element elementor-element-129cd2f2 e-con-full e-flex e-con e-child\" data-id=\"129cd2f2\" data-element_type=\"container\">\n\t\t\t\t<div class=\"elementor-element elementor-element-25c28dba elementor-widget elementor-widget-image\" data-id=\"25c28dba\" data-element_type=\"widget\" data-widget_type=\"image.default\">\n\t\t\t\t<div class=\"elementor-widget-container\">\n\t\t\t\t\t\t\t\t\t\t\t\t\t\t\t<img decoding=\"async\" src=\"https:\/\/in2.group\/wp-content\/uploads\/2024\/06\/home4-image3-copyright-2.jpg\" title=\"home4-image3-copyright\" alt=\"home4-image3-copyright\" loading=\"lazy\" \/>\t\t\t\t\t\t\t\t\t\t\t\t\t\t\t<\/div>\n\t\t\t\t<\/div>\n\t\t\t\t<\/div>\n\t\t<div class=\"elementor-element elementor-element-7a6630a1 e-con-full e-flex e-con e-child\" data-id=\"7a6630a1\" data-element_type=\"container\">\n\t\t<div class=\"elementor-element elementor-element-675535e7 e-con-full e-flex e-con e-child\" data-id=\"675535e7\" data-element_type=\"container\">\n\t\t\t\t<\/div>\n\t\t\t\t<\/div>\n\t\t\t\t<\/div>\n\t\t\t\t<\/div>\n\t\t<div class=\"elementor-element elementor-element-4ee7c119 e-con-full e-flex e-con e-child\" data-id=\"4ee7c119\" data-element_type=\"container\">\n\t\t<div class=\"elementor-element elementor-element-431ccc10 e-con-full e-flex e-con e-child\" data-id=\"431ccc10\" data-element_type=\"container\">\n\t\t<div class=\"elementor-element elementor-element-4a16b524 e-con-full e-flex e-con e-child\" data-id=\"4a16b524\" data-element_type=\"container\">\n\t\t\t\t<div class=\"elementor-element elementor-element-3045e7f6 elementor-widget elementor-widget-image\" data-id=\"3045e7f6\" data-element_type=\"widget\" data-widget_type=\"image.default\">\n\t\t\t\t<div class=\"elementor-widget-container\">\n\t\t\t\t\t\t\t\t\t\t\t\t\t\t\t<img decoding=\"async\" width=\"768\" height=\"431\" src=\"https:\/\/in2.group\/wp-content\/uploads\/2024\/06\/about-bg-2.jpg\" class=\"attachment-medium_large size-medium_large wp-image-80051\" alt=\"\" \/>\t\t\t\t\t\t\t\t\t\t\t\t\t\t\t<\/div>\n\t\t\t\t<\/div>\n\t\t\t\t<\/div>\n\t\t\t\t<\/div>\n\t\t<div class=\"elementor-element elementor-element-17e796cc e-con-full e-flex e-con e-child\" data-id=\"17e796cc\" data-element_type=\"container\">\n\t\t<div class=\"elementor-element elementor-element-375a62fc e-con-full e-flex e-con e-child\" data-id=\"375a62fc\" data-element_type=\"container\">\n\t\t\t\t<div class=\"elementor-element elementor-element-967b3de elementor-widget elementor-widget-text-editor\" data-id=\"967b3de\" data-element_type=\"widget\" data-widget_type=\"text-editor.default\">\n\t\t\t\t<div class=\"elementor-widget-container\">\n\t\t\t\t\t\t\t\t\t<p><em>In2Group es tu socio de confianza para navegar por las complejidades del aprovisionamiento y la consultor\u00eda. Con a\u00f1os de experiencia y una s\u00f3lida red de asociaciones exclusivas, ofrecemos soluciones \u00fanicas e inventivas adaptadas a tus retos espec\u00edficos de productos y servicios. Con acceso a productos patentados, nos aseguramos de que recibas ofertas que destaquen en el mercado.  <\/em><\/p>\n\t\t\t\t\t\t\t\t<\/div>\n\t\t\t\t<\/div>\n\t\t\t\t<\/div>\n\t\t\t\t<\/div>\n\t\t<div class=\"elementor-element elementor-element-6911bb4 e-con-full e-flex e-con e-child\" data-id=\"6911bb4\" data-element_type=\"container\">\n\t\t<div class=\"elementor-element elementor-element-4cd3f19 e-con-full e-flex e-con e-child\" data-id=\"4cd3f19\" data-element_type=\"container\">\n\t\t\t\t<div class=\"elementor-element elementor-element-4c73caa7 elementor-widget elementor-widget-ceaiconlist\" data-id=\"4c73caa7\" data-element_type=\"widget\" data-widget_type=\"ceaiconlist.default\">\n\t\t\t\t<div class=\"elementor-widget-container\">\n\t\t\t\t\t\t\t\r\n\t\t<ul class=\"nav flex-column cea-icon-list\">\r\n\t\t<li class=\"cea-icon-list-item\">\t\t\t\t\t<span class=\"cea-icon-list-icon\">\r\n\t\t\t\t\t\t<i aria-hidden=\"true\" class=\" bi-arrow-up-right-circle-fill\"><\/i>\t\t\t\t\t<\/span>\r\n\t\t\t\t<span class=\"icon-list-text\">Amplia experiencia en el sector<\/span><\/li><li class=\"cea-icon-list-item\">\t\t\t\t\t<span class=\"cea-icon-list-icon\">\r\n\t\t\t\t\t\t<i aria-hidden=\"true\" class=\" bi-arrow-up-right-circle-fill\"><\/i>\t\t\t\t\t<\/span>\r\n\t\t\t\t<span class=\"icon-list-text\">Asociaciones exclusivas<\/span><\/li><li class=\"cea-icon-list-item\">\t\t\t\t\t<span class=\"cea-icon-list-icon\">\r\n\t\t\t\t\t\t<i aria-hidden=\"true\" class=\" bi-arrow-up-right-circle-fill\"><\/i>\t\t\t\t\t<\/span>\r\n\t\t\t\t<span class=\"icon-list-text\">Compromiso con la calidad<\/span><\/li><li class=\"cea-icon-list-item\">\t\t\t\t\t<span class=\"cea-icon-list-icon\">\r\n\t\t\t\t\t\t<i aria-hidden=\"true\" class=\" bi-arrow-up-right-circle-fill\"><\/i>\t\t\t\t\t<\/span>\r\n\t\t\t\t<span class=\"icon-list-text\">Red mundial<\/span><\/li>\t\t<\/ul>\r\n\t\t\r\n\t\t\t\t\t\t<\/div>\n\t\t\t\t<\/div>\n\t\t\t\t<\/div>\n\t\t<div class=\"elementor-element elementor-element-5a7f4f71 e-con-full e-flex e-con e-child\" data-id=\"5a7f4f71\" data-element_type=\"container\">\n\t\t\t\t<div class=\"elementor-element elementor-element-5dc5f35a elementor-widget elementor-widget-ceaiconlist\" data-id=\"5dc5f35a\" data-element_type=\"widget\" data-widget_type=\"ceaiconlist.default\">\n\t\t\t\t<div class=\"elementor-widget-container\">\n\t\t\t\t\t\t\t\r\n\t\t<ul class=\"nav flex-column cea-icon-list\">\r\n\t\t<li class=\"cea-icon-list-item\">\t\t\t\t\t<span class=\"cea-icon-list-icon\">\r\n\t\t\t\t\t\t<i aria-hidden=\"true\" class=\" bi-arrow-up-right-circle-fill\"><\/i>\t\t\t\t\t<\/span>\r\n\t\t\t\t<span class=\"icon-list-text\">Enfoque innovador<\/span><\/li><li class=\"cea-icon-list-item\">\t\t\t\t\t<span class=\"cea-icon-list-icon\">\r\n\t\t\t\t\t\t<i aria-hidden=\"true\" class=\" bi-arrow-up-right-circle-fill\"><\/i>\t\t\t\t\t<\/span>\r\n\t\t\t\t<span class=\"icon-list-text\">Plataforma empresarial B2B<\/span><\/li><li class=\"cea-icon-list-item\">\t\t\t\t\t<span class=\"cea-icon-list-icon\">\r\n\t\t\t\t\t\t<i aria-hidden=\"true\" class=\" bi-arrow-up-right-circle-fill\"><\/i>\t\t\t\t\t<\/span>\r\n\t\t\t\t<span class=\"icon-list-text\">Intercambio de conocimientos<\/span><\/li><li class=\"cea-icon-list-item\">\t\t\t\t\t<span class=\"cea-icon-list-icon\">\r\n\t\t\t\t\t\t<i aria-hidden=\"true\" class=\" bi-arrow-up-right-circle-fill\"><\/i>\t\t\t\t\t<\/span>\r\n\t\t\t\t<span class=\"icon-list-text\">Soluciones personalizadas<\/span><\/li>\t\t<\/ul>\r\n\t\t\r\n\t\t\t\t\t\t<\/div>\n\t\t\t\t<\/div>\n\t\t\t\t<\/div>\n\t\t\t\t<\/div>\n\t\t\t\t<\/div>\n\t\t\t\t\t<\/div>\n\t\t\t\t<\/div>\n\t\t<div class=\"elementor-element elementor-element-ee39b7b e-flex e-con-boxed e-con e-parent\" data-id=\"ee39b7b\" data-element_type=\"container\" data-settings=\"{&quot;background_background&quot;:&quot;classic&quot;}\">\n\t\t\t\t\t<div class=\"e-con-inner\">\n\t\t<div class=\"elementor-element elementor-element-9b91258 e-con-full e-flex e-con e-child\" data-id=\"9b91258\" data-element_type=\"container\">\n\t\t<div class=\"elementor-element elementor-element-9ae37fd e-con-full e-flex e-con e-child\" data-id=\"9ae37fd\" data-element_type=\"container\">\n\t\t\t\t<div class=\"elementor-element elementor-element-fdc40ff cea-mobile-align-left elementor-widget elementor-widget-ceasectiontitle\" data-id=\"fdc40ff\" data-element_type=\"widget\" data-widget_type=\"ceasectiontitle.default\">\n\t\t\t\t<div class=\"elementor-widget-container\">\n\t\t\t\t\t<div class=\"section-title-wrapper\"><div class=\"title-wrap\"><div class=\"sub-title\"><span class=\"subtitle-dots\">in2Grupo<\/span><\/div><h2 class=\"section-title\">Fortalecer las empresas con soluciones innovadoras  <\/h2><\/div><!-- .title-wrap --><div class=\"section-description\"><\/div><!-- .section-description --><\/div><!-- .section-title-wrapper -->\t\t\t\t<\/div>\n\t\t\t\t<\/div>\n\t\t\t\t<\/div>\n\t\t<div class=\"elementor-element elementor-element-78966b1 e-con-full e-flex e-con e-child\" data-id=\"78966b1\" data-element_type=\"container\">\n\t\t\t\t<div class=\"elementor-element elementor-element-7e22a85 cea-btn-tablet-align-left dark-bg-button elementor-invisible elementor-widget elementor-widget-ceabutton\" data-id=\"7e22a85\" data-element_type=\"widget\" data-settings=\"{&quot;_animation&quot;:&quot;fadeInUp&quot;}\" data-widget_type=\"ceabutton.default\">\n\t\t\t\t<div class=\"elementor-widget-container cea-button-wrapper\">\r\n\t\t\t\t\t<div class=\"cea-button-wrapper\">\r\n\t\t\t<a href=\"\/es\/neem-contact-met-ons-op\/\" class=\"cea-button-link elementor-button cea-button elementor-size-sm\">\r\n\t\t\t\t\t\t<span class=\"cea-button-content-wrapper\">\r\n\t\t\t\t\t\t<span class=\"cea-button-icon cea-align-icon-right\">\r\n\t\t\t\t<i aria-hidden=\"true\" class=\" bi-arrow-right\"><\/i>\t\t\t<\/span>\r\n\t\t\t\t\t\t<span class=\"cea-button-text\">Ponte en contacto con<\/span>\r\n\t\t<\/span>\r\n\t\t\t\t\t<\/a>\r\n\t\t<\/div>\r\n\t\t\t\t<\/div>\r\n\t\t\t\t<\/div>\n\t\t\t\t<\/div>\n\t\t\t\t<\/div>\n\t\t<div class=\"elementor-element elementor-element-4bfcee9 e-flex e-con-boxed e-con e-child\" data-id=\"4bfcee9\" data-element_type=\"container\">\n\t\t\t\t\t<div class=\"e-con-inner\">\n\t\t<div class=\"elementor-element elementor-element-12129a4 e-con-full e-flex e-con e-child\" data-id=\"12129a4\" data-element_type=\"container\">\n\t\t<div class=\"elementor-element elementor-element-4fc12a2 e-con-full e-flex e-con e-child\" data-id=\"4fc12a2\" data-element_type=\"container\">\n\t\t<div class=\"elementor-element elementor-element-b46be9d e-con-full e-flex e-con e-child\" data-id=\"b46be9d\" data-element_type=\"container\">\n\t\t\t\t<div class=\"elementor-element elementor-element-286d87a elementor-widget elementor-widget-image\" data-id=\"286d87a\" data-element_type=\"widget\" data-widget_type=\"image.default\">\n\t\t\t\t<div class=\"elementor-widget-container\">\n\t\t\t\t\t\t\t\t\t\t\t\t\t\t\t<img loading=\"lazy\" decoding=\"async\" width=\"64\" height=\"64\" src=\"https:\/\/in2.group\/wp-content\/uploads\/2024\/10\/magnifying-glass-1.png\" class=\"attachment-large size-large wp-image-93211\" alt=\"\" \/>\t\t\t\t\t\t\t\t\t\t\t\t\t\t\t<\/div>\n\t\t\t\t<\/div>\n\t\t\t\t<\/div>\n\t\t<div class=\"elementor-element elementor-element-130ac11 e-con-full e-flex e-con e-child\" data-id=\"130ac11\" data-element_type=\"container\">\n\t\t\t\t<div class=\"elementor-element elementor-element-136e985 cea-view-default elementor-widget elementor-widget-ceafeaturebox\" data-id=\"136e985\" data-element_type=\"widget\" data-widget_type=\"ceafeaturebox.default\">\n\t\t\t\t<div class=\"elementor-widget-container feature-box-wrapper feature-box-default\">\n\t\t\t<div class=\"feature-box-inner\"><h4 class=\"feature-box-title\">Asociaciones<\/h4><div class=\"fbox-content\">In2Group ofrece productos \u00fanicos a trav\u00e9s de asociaciones exclusivas, lo que proporciona a los clientes una importante ventaja competitiva.\n\n\n\n\n\n\n<\/div><\/div>\t\t<\/div>\n\t\t\t\t<\/div>\n\t\t\t\t<\/div>\n\t\t\t\t<\/div>\n\t\t<div class=\"elementor-element elementor-element-3833b67 e-con-full e-flex e-con e-child\" data-id=\"3833b67\" data-element_type=\"container\">\n\t\t<div class=\"elementor-element elementor-element-a2b3011 e-con-full e-flex e-con e-child\" data-id=\"a2b3011\" data-element_type=\"container\">\n\t\t\t\t<div class=\"elementor-element elementor-element-37f00d5 elementor-widget elementor-widget-image\" data-id=\"37f00d5\" data-element_type=\"widget\" data-widget_type=\"image.default\">\n\t\t\t\t<div class=\"elementor-widget-container\">\n\t\t\t\t\t\t\t\t\t\t\t\t\t\t\t<img loading=\"lazy\" decoding=\"async\" width=\"64\" height=\"64\" src=\"https:\/\/in2.group\/wp-content\/uploads\/2024\/10\/partnership.png\" class=\"attachment-large size-large wp-image-93203\" alt=\"\" \/>\t\t\t\t\t\t\t\t\t\t\t\t\t\t\t<\/div>\n\t\t\t\t<\/div>\n\t\t\t\t<\/div>\n\t\t<div class=\"elementor-element elementor-element-7f5833d e-con-full e-flex e-con e-child\" data-id=\"7f5833d\" data-element_type=\"container\">\n\t\t\t\t<div class=\"elementor-element elementor-element-86ebef9 cea-view-default elementor-widget elementor-widget-ceafeaturebox\" data-id=\"86ebef9\" data-element_type=\"widget\" data-widget_type=\"ceafeaturebox.default\">\n\t\t\t\t<div class=\"elementor-widget-container feature-box-wrapper feature-box-default\">\n\t\t\t<div class=\"feature-box-inner\"><h4 class=\"feature-box-title\">Plataforma B2B<\/h4><div class=\"fbox-content\">Nuestra plataforma B2B conecta empresas y proveedores en EMEA y el Reino Unido, permitiendo el crecimiento empresarial.\n\n\n\n\n\n\n<\/div><\/div>\t\t<\/div>\n\t\t\t\t<\/div>\n\t\t\t\t<\/div>\n\t\t\t\t<\/div>\n\t\t<div class=\"elementor-element elementor-element-770db11 e-con-full e-flex e-con e-child\" data-id=\"770db11\" data-element_type=\"container\">\n\t\t<div class=\"elementor-element elementor-element-48c06f7 e-con-full e-flex e-con e-child\" data-id=\"48c06f7\" data-element_type=\"container\">\n\t\t\t\t<div class=\"elementor-element elementor-element-2175b23 elementor-widget elementor-widget-image\" data-id=\"2175b23\" data-element_type=\"widget\" data-widget_type=\"image.default\">\n\t\t\t\t<div class=\"elementor-widget-container\">\n\t\t\t\t\t\t\t\t\t\t\t\t\t\t\t<img loading=\"lazy\" decoding=\"async\" width=\"64\" height=\"64\" src=\"https:\/\/in2.group\/wp-content\/uploads\/2024\/10\/collaboration.png\" class=\"attachment-large size-large wp-image-93204\" alt=\"\" \/>\t\t\t\t\t\t\t\t\t\t\t\t\t\t\t<\/div>\n\t\t\t\t<\/div>\n\t\t\t\t<\/div>\n\t\t<div class=\"elementor-element elementor-element-6be9020 e-con-full e-flex e-con e-child\" data-id=\"6be9020\" data-element_type=\"container\">\n\t\t\t\t<div class=\"elementor-element elementor-element-6c8d764 cea-view-default elementor-widget elementor-widget-ceafeaturebox\" data-id=\"6c8d764\" data-element_type=\"widget\" data-widget_type=\"ceafeaturebox.default\">\n\t\t\t\t<div class=\"elementor-widget-container feature-box-wrapper feature-box-default\">\n\t\t\t<div class=\"feature-box-inner\"><h4 class=\"feature-box-title\">  Colaboraci\u00f3n<\/h4><div class=\"fbox-content\">En In2Group todo gira en torno a la colaboraci\u00f3n, que conduce a soluciones a medida y al \u00e9xito a largo plazo para todos.\n\n\n\n\n\n\n<\/div><\/div>\t\t<\/div>\n\t\t\t\t<\/div>\n\t\t\t\t<\/div>\n\t\t\t\t<\/div>\n\t\t\t\t<\/div>\n\t\t<div class=\"elementor-element elementor-element-ff0ba9f e-con-full e-flex e-con e-child\" data-id=\"ff0ba9f\" data-element_type=\"container\" data-settings=\"{&quot;background_background&quot;:&quot;classic&quot;}\">\n\t\t\t\t<\/div>\n\t\t\t\t\t<\/div>\n\t\t\t\t<\/div>\n\t\t\t\t\t<\/div>\n\t\t\t\t<\/div>\n\t\t\t\t<\/div>\n\t\t","protected":false},"excerpt":{"rendered":"<p>In2group Cooperaci\u00f3n e innovaci\u00f3n Ponte en contacto con In2Group es una empresa de contrataci\u00f3n y consultor\u00eda reconocida en todo el mundo, dedicada a ofrecer soluciones \u00fanicas e..<\/p>\n","protected":false},"author":1,"featured_media":0,"parent":0,"menu_order":0,"comment_status":"closed","ping_status":"closed","template":"","meta":{"footnotes":""},"class_list":["post-100087","page","type-page","status-publish","hentry"],"_links":{"self":[{"href":"https:\/\/in2.group\/es\/wp-json\/wp\/v2\/pages\/100087","targetHints":{"allow":["GET"]}}],"collection":[{"href":"https:\/\/in2.group\/es\/wp-json\/wp\/v2\/pages"}],"about":[{"href":"https:\/\/in2.group\/es\/wp-json\/wp\/v2\/types\/page"}],"author":[{"embeddable":true,"href":"https:\/\/in2.group\/es\/wp-json\/wp\/v2\/users\/1"}],"replies":[{"embeddable":true,"href":"https:\/\/in2.group\/es\/wp-json\/wp\/v2\/comments?post=100087"}],"version-history":[{"count":4,"href":"https:\/\/in2.group\/es\/wp-json\/wp\/v2\/pages\/100087\/revisions"}],"predecessor-version":[{"id":100736,"href":"https:\/\/in2.group\/es\/wp-json\/wp\/v2\/pages\/100087\/revisions\/100736"}],"wp:attachment":[{"href":"https:\/\/in2.group\/es\/wp-json\/wp\/v2\/media?parent=100087"}],"curies":[{"name":"wp","href":"https:\/\/api.w.org\/{rel}","templated":true}]}}