{"id":100079,"date":"2024-07-04T09:33:43","date_gmt":"2024-07-04T09:33:43","guid":{"rendered":"https:\/\/in2.group\/contacta-con-nosotros\/"},"modified":"2025-02-25T20:42:54","modified_gmt":"2025-02-25T20:42:54","slug":"contacta-con-nosotros","status":"publish","type":"page","link":"https:\/\/in2.group\/es\/contacta-con-nosotros\/","title":{"rendered":"Contacta con nosotros"},"content":{"rendered":"\t\t<div data-elementor-type=\"wp-page\" data-elementor-id=\"100079\" class=\"elementor elementor-100079 elementor-82621\">\n\t\t\t\t<div class=\"elementor-element elementor-element-2bb3ee5 breadcump elementor-hidden-desktop elementor-hidden-tablet elementor-hidden-mobile e-flex e-con-boxed e-con e-parent\" data-id=\"2bb3ee5\" data-element_type=\"container\" data-settings=\"{&quot;background_background&quot;:&quot;classic&quot;}\">\n\t\t\t\t\t<div class=\"e-con-inner\">\n\t\t<div class=\"elementor-element elementor-element-bb4fb20 e-con-full e-flex e-con e-child\" data-id=\"bb4fb20\" data-element_type=\"container\">\n\t\t\t\t<div class=\"elementor-element elementor-element-9623e20 animated-fast elementor-invisible elementor-widget elementor-widget-ceasectiontitle\" data-id=\"9623e20\" data-element_type=\"widget\" data-settings=\"{&quot;_animation&quot;:&quot;fadeInUp&quot;}\" data-widget_type=\"ceasectiontitle.default\">\n\t\t\t\t<div class=\"elementor-widget-container\">\n\t\t\t\t\t<div class=\"section-title-wrapper\"><div class=\"title-wrap\"><h2 class=\"section-title\"><span class=\"title-prefix\">Contacta con nosotros<\/span>  <span class=\"title-suffix\"> <\/span><\/h2><\/div><!-- .title-wrap --><div class=\"section-description\"><\/div><!-- .section-description --><\/div><!-- .section-title-wrapper -->\t\t\t\t<\/div>\n\t\t\t\t<\/div>\n\t\t<div class=\"elementor-element elementor-element-b186533 e-con-full e-flex elementor-invisible e-con e-child\" data-id=\"b186533\" data-element_type=\"container\" data-settings=\"{&quot;animation&quot;:&quot;fadeInUp&quot;}\">\n\t\t\t\t<div class=\"elementor-element elementor-element-f989f9b elementor-icon-list--layout-inline elementor-widget__width-auto elementor-list-item-link-full_width elementor-widget elementor-widget-icon-list\" data-id=\"f989f9b\" data-element_type=\"widget\" data-widget_type=\"icon-list.default\">\n\t\t\t\t<div class=\"elementor-widget-container\">\n\t\t\t\t\t\t\t<ul class=\"elementor-icon-list-items elementor-inline-items\">\n\t\t\t\t\t\t\t<li class=\"elementor-icon-list-item elementor-inline-item\">\n\t\t\t\t\t\t\t\t\t\t\t<a href=\"https:\/\/test.in2.group\/\">\n\n\t\t\t\t\t\t\t\t\t\t\t<span class=\"elementor-icon-list-text\">Inicio<\/span>\n\t\t\t\t\t\t\t\t\t\t\t<\/a>\n\t\t\t\t\t\t\t\t\t<\/li>\n\t\t\t\t\t\t\t\t<li class=\"elementor-icon-list-item elementor-inline-item\">\n\t\t\t\t\t\t\t\t\t\t\t<span class=\"elementor-icon-list-icon\">\n\t\t\t\t\t\t\t<i aria-hidden=\"true\" class=\" bi-chevron-right\"><\/i>\t\t\t\t\t\t<\/span>\n\t\t\t\t\t\t\t\t\t\t<span class=\"elementor-icon-list-text\">ponte en contacto con<\/span>\n\t\t\t\t\t\t\t\t\t<\/li>\n\t\t\t\t\t\t<\/ul>\n\t\t\t\t\t\t<\/div>\n\t\t\t\t<\/div>\n\t\t\t\t<\/div>\n\t\t\t\t<\/div>\n\t\t\t\t\t<\/div>\n\t\t\t\t<\/div>\n\t\t<div class=\"elementor-element elementor-element-8859c18 elementor-hidden-desktop elementor-hidden-tablet elementor-hidden-mobile e-flex e-con-boxed e-con e-parent\" data-id=\"8859c18\" data-element_type=\"container\">\n\t\t\t\t\t<div class=\"e-con-inner\">\n\t\t<div class=\"elementor-element elementor-element-b1cd092 e-con-full e-flex e-con e-child\" data-id=\"b1cd092\" data-element_type=\"container\">\n\t\t<div class=\"elementor-element elementor-element-9f13b14 e-con-full e-flex e-con e-child\" data-id=\"9f13b14\" data-element_type=\"container\">\n\t\t\t\t<div class=\"elementor-element elementor-element-8dfe354 cea-mobile-align-left cea-align-left animated-fast elementor-invisible elementor-widget elementor-widget-ceasectiontitle\" data-id=\"8dfe354\" data-element_type=\"widget\" data-settings=\"{&quot;_animation&quot;:&quot;fadeInUp&quot;}\" data-widget_type=\"ceasectiontitle.default\">\n\t\t\t\t<div class=\"elementor-widget-container\">\n\t\t\t\t\t<div class=\"section-title-wrapper\"><div class=\"title-wrap\"><div class=\"sub-title\"><span class=\"subtitle-dots\">In2group<\/span><\/div><h2 class=\"section-title\"><span class=\"title-prefix\">Cooperaci\u00f3n e innovaci\u00f3n<\/span> <\/h2><\/div><!-- .title-wrap --><div class=\"section-description\"><\/div><!-- .section-description --><\/div><!-- .section-title-wrapper -->\t\t\t\t<\/div>\n\t\t\t\t<\/div>\n\t\t\t\t<\/div>\n\t\t<div class=\"elementor-element elementor-element-80e1232 e-con-full e-flex e-con e-child\" data-id=\"80e1232\" data-element_type=\"container\">\n\t\t\t\t<div class=\"elementor-element elementor-element-eb9133c cea-btn-tablet-align-left dark-bg-button cea-btn-align-right elementor-invisible elementor-widget elementor-widget-ceabutton\" data-id=\"eb9133c\" data-element_type=\"widget\" data-settings=\"{&quot;_animation&quot;:&quot;fadeInUp&quot;}\" data-widget_type=\"ceabutton.default\">\n\t\t\t\t<div class=\"elementor-widget-container cea-button-wrapper\">\r\n\t\t\t\t\t<div class=\"cea-button-wrapper\">\r\n\t\t\t<a href=\"#form\" class=\"cea-button-link elementor-button cea-button elementor-size-sm\">\r\n\t\t\t\t\t\t<span class=\"cea-button-content-wrapper\">\r\n\t\t\t\t\t\t<span class=\"cea-button-icon cea-align-icon-right\">\r\n\t\t\t\t<i aria-hidden=\"true\" class=\" bi-arrow-right\"><\/i>\t\t\t<\/span>\r\n\t\t\t\t\t\t<span class=\"cea-button-text\">Saber m\u00e1s<\/span>\r\n\t\t<\/span>\r\n\t\t\t\t\t<\/a>\r\n\t\t<\/div>\r\n\t\t\t\t<\/div>\r\n\t\t\t\t<\/div>\n\t\t\t\t<\/div>\n\t\t\t\t<\/div>\n\t\t<div class=\"elementor-element elementor-element-2129949 e-con-full e-flex e-con e-child\" data-id=\"2129949\" data-element_type=\"container\">\n\t\t<div class=\"elementor-element elementor-element-4a63610 e-con-full e-flex elementor-invisible e-con e-child\" data-id=\"4a63610\" data-element_type=\"container\" data-settings=\"{&quot;animation&quot;:&quot;fadeInUp&quot;}\">\n\t\t\t\t<div class=\"elementor-element elementor-element-4c0bb64 elementor-widget-tablet__width-inherit elementor-widget elementor-widget-image\" data-id=\"4c0bb64\" data-element_type=\"widget\" data-widget_type=\"image.default\">\n\t\t\t\t<div class=\"elementor-widget-container\">\n\t\t\t\t\t\t\t\t\t\t\t\t\t\t\t<img fetchpriority=\"high\" decoding=\"async\" width=\"768\" height=\"513\" src=\"https:\/\/in2.group\/wp-content\/uploads\/2024\/11\/youve-got-yourself-a-deal-2024-05-02-12-23-32-utc-768x513.jpg\" class=\"attachment-medium_large size-medium_large wp-image-93987\" alt=\"\" srcset=\"https:\/\/in2.group\/wp-content\/uploads\/2024\/11\/youve-got-yourself-a-deal-2024-05-02-12-23-32-utc-768x513.jpg 768w, https:\/\/in2.group\/wp-content\/uploads\/2024\/11\/youve-got-yourself-a-deal-2024-05-02-12-23-32-utc-1536x1025.jpg 1536w, https:\/\/in2.group\/wp-content\/uploads\/2024\/11\/youve-got-yourself-a-deal-2024-05-02-12-23-32-utc-2048x1367.jpg 2048w, https:\/\/in2.group\/wp-content\/uploads\/2024\/11\/youve-got-yourself-a-deal-2024-05-02-12-23-32-utc-1200x801.jpg 1200w\" sizes=\"(max-width: 768px) 100vw, 768px\" \/>\t\t\t\t\t\t\t\t\t\t\t\t\t\t\t<\/div>\n\t\t\t\t<\/div>\n\t\t<div class=\"elementor-element elementor-element-ed26add e-con-full e-flex e-con e-child\" data-id=\"ed26add\" data-element_type=\"container\" data-settings=\"{&quot;background_background&quot;:&quot;classic&quot;}\">\n\t\t\t\t<div class=\"elementor-element elementor-element-b1a79c2 elementor-widget elementor-widget-text-editor\" data-id=\"b1a79c2\" data-element_type=\"widget\" data-widget_type=\"text-editor.default\">\n\t\t\t\t<div class=\"elementor-widget-container\">\n\t\t\t\t\t\t\t\t\t<p>In2Group es una empresa de contrataci\u00f3n y consultor\u00eda reconocida en todo el mundo, dedicada a ofrecer soluciones \u00fanicas e innovadoras adaptadas a las necesidades de nuestros clientes. A trav\u00e9s de nuestras asociaciones exclusivas y nuestra amplia red, proporcionamos productos y servicios excepcionales que impulsan la eficacia y el crecimiento de las empresas en la regi\u00f3n EMEA y el Reino Unido. <\/p>\n\t\t\t\t\t\t\t\t<\/div>\n\t\t\t\t<\/div>\n\t\t\t\t<\/div>\n\t\t\t\t<\/div>\n\t\t<div class=\"elementor-element elementor-element-6bda246 e-con-full animated-slow e-flex elementor-invisible e-con e-child\" data-id=\"6bda246\" data-element_type=\"container\" data-settings=\"{&quot;animation&quot;:&quot;fadeInUp&quot;}\">\n\t\t<div class=\"elementor-element elementor-element-2e2aa7e e-con-full e-flex e-con e-child\" data-id=\"2e2aa7e\" data-element_type=\"container\" data-settings=\"{&quot;background_background&quot;:&quot;classic&quot;}\">\n\t\t\t\t<div class=\"elementor-element elementor-element-82af218 elementor-widget__width-initial elementor-widget-mobile__width-inherit elementor-widget-tablet__width-inherit cea-view-default elementor-widget elementor-widget-ceafeaturebox\" data-id=\"82af218\" data-element_type=\"widget\" data-widget_type=\"ceafeaturebox.default\">\n\t\t\t\t<div class=\"elementor-widget-container feature-box-wrapper feature-box-default\">\n\t\t\t<div class=\"feature-box-inner\"><h4 class=\"feature-box-title\">Expertos en compras y consultor\u00eda<\/h4><div class=\"fbox-content\">In2Group ofrece soluciones \u00fanicas de aprovisionamiento y asesoramiento a trav\u00e9s de chaps de socios exclusivos.\n\n\n\n\n\n\n<\/div><\/div>\t\t<\/div>\n\t\t\t\t<\/div>\n\t\t\t\t<\/div>\n\t\t\t\t<div class=\"elementor-element elementor-element-0034875 elementor-widget-tablet__width-inherit elementor-widget elementor-widget-image\" data-id=\"0034875\" data-element_type=\"widget\" data-widget_type=\"image.default\">\n\t\t\t\t<div class=\"elementor-widget-container\">\n\t\t\t\t\t\t\t\t\t\t\t\t\t\t\t<img decoding=\"async\" width=\"768\" height=\"513\" src=\"https:\/\/in2.group\/wp-content\/uploads\/2024\/11\/working-with-financial-document-2023-11-27-05-04-40-utc-768x513.jpg\" class=\"attachment-medium_large size-medium_large wp-image-93981\" alt=\"\" srcset=\"https:\/\/in2.group\/wp-content\/uploads\/2024\/11\/working-with-financial-document-2023-11-27-05-04-40-utc-768x513.jpg 768w, https:\/\/in2.group\/wp-content\/uploads\/2024\/11\/working-with-financial-document-2023-11-27-05-04-40-utc-1536x1025.jpg 1536w, https:\/\/in2.group\/wp-content\/uploads\/2024\/11\/working-with-financial-document-2023-11-27-05-04-40-utc-2048x1367.jpg 2048w, https:\/\/in2.group\/wp-content\/uploads\/2024\/11\/working-with-financial-document-2023-11-27-05-04-40-utc-1200x801.jpg 1200w\" sizes=\"(max-width: 768px) 100vw, 768px\" \/>\t\t\t\t\t\t\t\t\t\t\t\t\t\t\t<\/div>\n\t\t\t\t<\/div>\n\t\t\t\t<\/div>\n\t\t\t\t<\/div>\n\t\t\t\t\t<\/div>\n\t\t\t\t<\/div>\n\t\t<div class=\"elementor-element elementor-element-59d164cb e-flex e-con-boxed e-con e-parent\" data-id=\"59d164cb\" data-element_type=\"container\">\n\t\t\t\t\t<div class=\"e-con-inner\">\n\t\t<div class=\"elementor-element elementor-element-76e91716 e-con-full e-flex e-con e-child\" data-id=\"76e91716\" data-element_type=\"container\">\n\t\t<div class=\"elementor-element elementor-element-1a825531 e-con-full cus-hover-eft . e-flex e-con e-child\" data-id=\"1a825531\" data-element_type=\"container\" data-settings=\"{&quot;background_background&quot;:&quot;classic&quot;}\">\n\t\t\t\t<div class=\"elementor-element elementor-element-762f85f9 cea-view-default elementor-widget elementor-widget-ceafeaturebox\" data-id=\"762f85f9\" data-element_type=\"widget\" data-widget_type=\"ceafeaturebox.default\">\n\t\t\t\t<div class=\"elementor-widget-container feature-box-wrapper feature-box-default\">\n\t\t\t<div class=\"feature-box-inner\"><div class=\"fbox-number\">01<\/div><figure class=\"cea-feature-box-img\"><img decoding=\"async\" width=\"64\" height=\"64\" src=\"https:\/\/in2.group\/wp-content\/uploads\/2024\/11\/map.png\" class=\"attachment-full size-full\" alt=\"\" \/><\/figure><h4 class=\"feature-box-title\">Nuestra direcci\u00f3n<\/h4><div class=\"fbox-content\">Simon Stevinweg 15 6827 BS Arnhem, Visita previa cita.<\/div><\/div>\t\t<\/div>\n\t\t\t\t<\/div>\n\t\t\t\t<\/div>\n\t\t<div class=\"elementor-element elementor-element-734aaf94 e-con-full .cus-hover-eft e-flex e-con e-child\" data-id=\"734aaf94\" data-element_type=\"container\" data-settings=\"{&quot;background_background&quot;:&quot;classic&quot;}\">\n\t\t\t\t<div class=\"elementor-element elementor-element-7b1105ec cea-view-default elementor-widget elementor-widget-ceafeaturebox\" data-id=\"7b1105ec\" data-element_type=\"widget\" data-widget_type=\"ceafeaturebox.default\">\n\t\t\t\t<div class=\"elementor-widget-container feature-box-wrapper feature-box-default\">\n\t\t\t<div class=\"feature-box-inner\"><div class=\"fbox-number\">02<\/div><figure class=\"cea-feature-box-img\"><img loading=\"lazy\" decoding=\"async\" width=\"64\" height=\"64\" src=\"https:\/\/in2.group\/wp-content\/uploads\/2024\/11\/customer-support.png\" class=\"attachment-full size-full\" alt=\"\" \/><\/figure><h4 class=\"feature-box-title\">Ponte en contacto con<\/h4><div class=\"fbox-content\">\n<a href=\"mailto:%20info@in2.group\">  info@in2.group<\/a><\/div><\/div>\t\t<\/div>\n\t\t\t\t<\/div>\n\t\t\t\t<\/div>\n\t\t<div class=\"elementor-element elementor-element-64fb0ccf e-con-full .cus-hover-eft e-flex e-con e-child\" data-id=\"64fb0ccf\" data-element_type=\"container\" data-settings=\"{&quot;background_background&quot;:&quot;classic&quot;}\">\n\t\t\t\t<div class=\"elementor-element elementor-element-6972837 cea-view-default elementor-widget elementor-widget-ceafeaturebox\" data-id=\"6972837\" data-element_type=\"widget\" data-widget_type=\"ceafeaturebox.default\">\n\t\t\t\t<div class=\"elementor-widget-container feature-box-wrapper feature-box-default\">\n\t\t\t<div class=\"feature-box-inner\"><div class=\"fbox-number\">03<\/div><figure class=\"cea-feature-box-img\"><img loading=\"lazy\" decoding=\"async\" width=\"64\" height=\"64\" src=\"https:\/\/in2.group\/wp-content\/uploads\/2024\/11\/working-time.png\" class=\"attachment-full size-full\" alt=\"\" \/><\/figure><h4 class=\"feature-box-title\">Horario de apertura<\/h4><div class=\"fbox-content\"><div class=\"open-hrs\">De lunes a viernes<span> de 09:00 a 17:00<\/span> \n\n<\/div><\/div>\t\t<\/div>\n\t\t\t\t<\/div>\n\t\t\t\t<\/div>\n\t\t\t\t<\/div>\n\t\t\t\t\t<\/div>\n\t\t\t\t<\/div>\n\t\t<div class=\"elementor-element elementor-element-1ba2ef58 e-flex e-con-boxed e-con e-parent\" data-id=\"1ba2ef58\" data-element_type=\"container\" id=\"form\">\n\t\t\t\t\t<div class=\"e-con-inner\">\n\t\t<div class=\"elementor-element elementor-element-5317f304 e-flex e-con-boxed e-con e-child\" data-id=\"5317f304\" data-element_type=\"container\" data-settings=\"{&quot;background_background&quot;:&quot;classic&quot;}\">\n\t\t\t\t\t<div class=\"e-con-inner\">\n\t\t<div class=\"elementor-element elementor-element-13463a2c e-con-full e-flex e-con e-child\" data-id=\"13463a2c\" data-element_type=\"container\" data-settings=\"{&quot;background_background&quot;:&quot;classic&quot;}\">\n\t\t\t\t<div class=\"elementor-element elementor-element-1bb01192 cea-tablet-align-center elementor-widget elementor-widget-ceasectiontitle\" data-id=\"1bb01192\" data-element_type=\"widget\" data-widget_type=\"ceasectiontitle.default\">\n\t\t\t\t<div class=\"elementor-widget-container\">\n\t\t\t\t\t<div class=\"section-title-wrapper\"><div class=\"title-wrap\"><h3 class=\"section-title\">Env\u00edanos un mensaje<\/h3><\/div><!-- .title-wrap --><div class=\"section-description\"><\/div><!-- .section-description --><\/div><!-- .section-title-wrapper -->\t\t\t\t<\/div>\n\t\t\t\t<\/div>\n\t\t\t\t<div class=\"elementor-element elementor-element-41a60ad2 elementor-widget elementor-widget-contactform\" data-id=\"41a60ad2\" data-element_type=\"widget\" data-widget_type=\"contactform.default\">\n\t\t\t\t<div class=\"elementor-widget-container\">\n\t\t\t\t\t<div class=\"contact-form-wrapper cf-style-classic\"><div class=\"contact-form\">\n<div class=\"wpcf7 no-js\" id=\"wpcf7-f100095-o1\" lang=\"es-ES\" dir=\"ltr\" data-wpcf7-id=\"100095\">\n<div class=\"screen-reader-response\"><p role=\"status\" aria-live=\"polite\" aria-atomic=\"true\"><\/p> <ul><\/ul><\/div>\n<form action=\"\/es\/wp-json\/wp\/v2\/pages\/100079#wpcf7-f100095-o1\" method=\"post\" class=\"wpcf7-form init\" aria-label=\"Formulario de contacto\" novalidate=\"novalidate\" data-status=\"init\">\n<div style=\"display: none;\">\n<input type=\"hidden\" name=\"_wpcf7\" value=\"100095\" \/>\n<input type=\"hidden\" name=\"_wpcf7_version\" value=\"6.0.4\" \/>\n<input type=\"hidden\" name=\"_wpcf7_locale\" value=\"es_ES\" \/>\n<input type=\"hidden\" name=\"_wpcf7_unit_tag\" value=\"wpcf7-f100095-o1\" \/>\n<input type=\"hidden\" name=\"_wpcf7_container_post\" value=\"0\" \/>\n<input type=\"hidden\" name=\"_wpcf7_posted_data_hash\" value=\"\" \/>\n<input type=\"hidden\" name=\"_wpcf7_recaptcha_response\" value=\"\" \/>\n<\/div>\n<div class=\"row\">\n\t<div class=\"col-md-6\">\n\t\t<p><span class=\"wpcf7-form-control-wrap\" data-name=\"your-name\"><input size=\"40\" maxlength=\"400\" class=\"wpcf7-form-control wpcf7-text wpcf7-validates-as-required\" aria-required=\"true\" aria-invalid=\"false\" placeholder=\"Nombre *\" value=\"\" type=\"text\" name=\"your-name\" \/><\/span>\n\t\t<\/p>\n\t<\/div>\n\t<div class=\"col-md-6\">\n\t\t<p><span class=\"wpcf7-form-control-wrap\" data-name=\"tel-977\"><input size=\"40\" maxlength=\"400\" class=\"wpcf7-form-control wpcf7-tel wpcf7-validates-as-required wpcf7-text wpcf7-validates-as-tel\" aria-required=\"true\" aria-invalid=\"false\" placeholder=\"Tel\u00e9fono\" value=\"\" type=\"tel\" name=\"tel-977\" \/><\/span>\n\t\t<\/p>\n\t<\/div>\n\t<div class=\"col-md-6\">\n\t\t<p><span class=\"wpcf7-form-control-wrap\" data-name=\"your-email\"><input size=\"40\" maxlength=\"400\" class=\"wpcf7-form-control wpcf7-email wpcf7-validates-as-required wpcf7-text wpcf7-validates-as-email\" aria-required=\"true\" aria-invalid=\"false\" placeholder=\"Correo electr\u00f3nico *\" value=\"\" type=\"email\" name=\"your-email\" \/><\/span>\n\t\t<\/p>\n\t<\/div>\n\t<div class=\"col-md-6\">\n\t\t<p><span class=\"wpcf7-form-control-wrap\" data-name=\"your-subject\"><input size=\"40\" maxlength=\"400\" class=\"wpcf7-form-control wpcf7-text wpcf7-validates-as-required\" aria-required=\"true\" aria-invalid=\"false\" placeholder=\"Tema *\" value=\"\" type=\"text\" name=\"your-subject\" \/><\/span>\n\t\t<\/p>\n\t<\/div>\n\t<div class=\"col-md-12\">\n\t\t<p><span class=\"wpcf7-form-control-wrap\" data-name=\"your-message\"><textarea cols=\"40\" rows=\"10\" maxlength=\"2000\" class=\"wpcf7-form-control wpcf7-textarea\" aria-invalid=\"false\" placeholder=\"Mensaje\" name=\"your-message\"><\/textarea><\/span>\n\t\t<\/p>\n\t<\/div>\n\t<div class=\"col-md-12\">\n\t\t<p><input class=\"wpcf7-form-control wpcf7-submit has-spinner\" type=\"submit\" value=\"Env\u00eda\" \/>\n\t\t<\/p>\n\t<\/div>\n<\/div><div class=\"wpcf7-response-output\" aria-hidden=\"true\"><\/div>\n<\/form>\n<\/div>\n<\/div><!-- .contact-form --><\/div><!-- .contact-form-wrapper -->\t\t\t\t<\/div>\n\t\t\t\t<\/div>\n\t\t\t\t<\/div>\n\t\t<div class=\"elementor-element elementor-element-710d828d e-flex e-con-boxed e-con e-child\" data-id=\"710d828d\" data-element_type=\"container\">\n\t\t\t\t\t<div class=\"e-con-inner\">\n\t\t<div class=\"elementor-element elementor-element-69bb496c e-con-full e-flex e-con e-child\" data-id=\"69bb496c\" data-element_type=\"container\">\n\t\t<div class=\"elementor-element elementor-element-682c8c95 e-con-full e-flex e-con e-child\" data-id=\"682c8c95\" data-element_type=\"container\">\n\t\t\t\t<div class=\"elementor-element elementor-element-114f795f elementor-widget elementor-widget-google_maps\" data-id=\"114f795f\" data-element_type=\"widget\" data-widget_type=\"google_maps.default\">\n\t\t\t\t<div class=\"elementor-widget-container\">\n\t\t\t\t\t\t\t<div class=\"elementor-custom-embed\">\n\t\t\t<iframe loading=\"lazy\"\n\t\t\t\t\tsrc=\"https:\/\/maps.google.com\/maps?q=Simon%20Stevinweg%2015%206827%20BS%20Arnhem&#038;t=m&#038;z=15&#038;output=embed&#038;iwloc=near\"\n\t\t\t\t\ttitle=\"Simon Stevinweg 15 6827 BS Arnhem\"\n\t\t\t\t\taria-label=\"Simon Stevinweg 15 6827 BS Arnhem\"\n\t\t\t><\/iframe>\n\t\t<\/div>\n\t\t\t\t\t\t<\/div>\n\t\t\t\t<\/div>\n\t\t\t\t<\/div>\n\t\t\t\t<\/div>\n\t\t\t\t\t<\/div>\n\t\t\t\t<\/div>\n\t\t\t\t\t<\/div>\n\t\t\t\t<\/div>\n\t\t\t\t\t<\/div>\n\t\t\t\t<\/div>\n\t\t\t\t<\/div>\n\t\t","protected":false},"excerpt":{"rendered":"<p>Contacta con nosotros Inicio ponte en contacto con In2group Cooperaci\u00f3n e innovaci\u00f3n Saber m\u00e1s In2Group es una empresa de contrataci\u00f3n y consultor\u00eda reconocida en todo el mundo,..<\/p>\n","protected":false},"author":1,"featured_media":0,"parent":0,"menu_order":0,"comment_status":"closed","ping_status":"closed","template":"","meta":{"footnotes":""},"class_list":["post-100079","page","type-page","status-publish","hentry"],"_links":{"self":[{"href":"https:\/\/in2.group\/es\/wp-json\/wp\/v2\/pages\/100079","targetHints":{"allow":["GET"]}}],"collection":[{"href":"https:\/\/in2.group\/es\/wp-json\/wp\/v2\/pages"}],"about":[{"href":"https:\/\/in2.group\/es\/wp-json\/wp\/v2\/types\/page"}],"author":[{"embeddable":true,"href":"https:\/\/in2.group\/es\/wp-json\/wp\/v2\/users\/1"}],"replies":[{"embeddable":true,"href":"https:\/\/in2.group\/es\/wp-json\/wp\/v2\/comments?post=100079"}],"version-history":[{"count":11,"href":"https:\/\/in2.group\/es\/wp-json\/wp\/v2\/pages\/100079\/revisions"}],"predecessor-version":[{"id":101017,"href":"https:\/\/in2.group\/es\/wp-json\/wp\/v2\/pages\/100079\/revisions\/101017"}],"wp:attachment":[{"href":"https:\/\/in2.group\/es\/wp-json\/wp\/v2\/media?parent=100079"}],"curies":[{"name":"wp","href":"https:\/\/api.w.org\/{rel}","templated":true}]}}