{"id":98503,"date":"2024-07-04T09:27:55","date_gmt":"2024-07-04T09:27:55","guid":{"rendered":"https:\/\/in2.group\/ueber-uns\/"},"modified":"2025-02-21T04:53:09","modified_gmt":"2025-02-21T04:53:09","slug":"ueber-uns","status":"publish","type":"page","link":"https:\/\/in2.group\/de\/ueber-uns\/","title":{"rendered":"\u00dcber uns"},"content":{"rendered":"\t\t<div data-elementor-type=\"wp-page\" data-elementor-id=\"98503\" class=\"elementor elementor-98503 elementor-82602\">\n\t\t\t\t<div class=\"elementor-element elementor-element-7b36a1f e-flex e-con-boxed e-con e-parent\" data-id=\"7b36a1f\" data-element_type=\"container\">\n\t\t\t\t\t<div class=\"e-con-inner\">\n\t\t<div class=\"elementor-element elementor-element-eb2717a e-con-full e-flex e-con e-child\" data-id=\"eb2717a\" data-element_type=\"container\">\n\t\t<div class=\"elementor-element elementor-element-9ab8881 e-con-full e-flex e-con e-child\" data-id=\"9ab8881\" data-element_type=\"container\">\n\t\t\t\t<div class=\"elementor-element elementor-element-13fdaac cea-mobile-align-left cea-align-left animated-fast elementor-invisible elementor-widget elementor-widget-ceasectiontitle\" data-id=\"13fdaac\" data-element_type=\"widget\" data-settings=\"{&quot;_animation&quot;:&quot;fadeInUp&quot;}\" data-widget_type=\"ceasectiontitle.default\">\n\t\t\t\t<div class=\"elementor-widget-container\">\n\t\t\t\t\t<div class=\"section-title-wrapper\"><div class=\"title-wrap\"><div class=\"sub-title\"><span class=\"subtitle-dots\">In2group<\/span><\/div><h2 class=\"section-title\"><span class=\"title-prefix\">Zusammenarbeit und Innovation<\/span> <\/h2><\/div><!-- .title-wrap --><div class=\"section-description\"><\/div><!-- .section-description --><\/div><!-- .section-title-wrapper -->\t\t\t\t<\/div>\n\t\t\t\t<\/div>\n\t\t\t\t<\/div>\n\t\t<div class=\"elementor-element elementor-element-17cff53 e-con-full e-flex e-con e-child\" data-id=\"17cff53\" data-element_type=\"container\">\n\t\t\t\t<div class=\"elementor-element elementor-element-fba04db cea-btn-tablet-align-left dark-bg-button cea-btn-align-right elementor-invisible elementor-widget elementor-widget-ceabutton\" data-id=\"fba04db\" data-element_type=\"widget\" data-settings=\"{&quot;_animation&quot;:&quot;fadeInUp&quot;}\" data-widget_type=\"ceabutton.default\">\n\t\t\t\t<div class=\"elementor-widget-container cea-button-wrapper\">\r\n\t\t\t\t\t<div class=\"cea-button-wrapper\">\r\n\t\t\t<a href=\"\/de\/neem-contact-met-ons-op\/\" class=\"cea-button-link elementor-button cea-button elementor-size-sm\">\r\n\t\t\t\t\t\t<span class=\"cea-button-content-wrapper\">\r\n\t\t\t\t\t\t<span class=\"cea-button-icon cea-align-icon-right\">\r\n\t\t\t\t<i aria-hidden=\"true\" class=\" bi-arrow-right\"><\/i>\t\t\t<\/span>\r\n\t\t\t\t\t\t<span class=\"cea-button-text\">Kontakt<\/span>\r\n\t\t<\/span>\r\n\t\t\t\t\t<\/a>\r\n\t\t<\/div>\r\n\t\t\t\t<\/div>\r\n\t\t\t\t<\/div>\n\t\t\t\t<\/div>\n\t\t\t\t<\/div>\n\t\t<div class=\"elementor-element elementor-element-0123044 e-con-full e-flex e-con e-child\" data-id=\"0123044\" data-element_type=\"container\">\n\t\t<div class=\"elementor-element elementor-element-a4cceaa e-con-full e-flex elementor-invisible e-con e-child\" data-id=\"a4cceaa\" data-element_type=\"container\" data-settings=\"{&quot;animation&quot;:&quot;fadeInUp&quot;}\">\n\t\t\t\t<div class=\"elementor-element elementor-element-8534204 elementor-widget-tablet__width-inherit elementor-widget elementor-widget-image\" data-id=\"8534204\" data-element_type=\"widget\" data-widget_type=\"image.default\">\n\t\t\t\t<div class=\"elementor-widget-container\">\n\t\t\t\t\t\t\t\t\t\t\t\t\t\t\t<img fetchpriority=\"high\" decoding=\"async\" width=\"768\" height=\"513\" src=\"https:\/\/in2.group\/wp-content\/uploads\/2024\/11\/youve-got-yourself-a-deal-2024-05-02-12-23-32-utc-768x513.jpg\" class=\"attachment-medium_large size-medium_large wp-image-93987\" alt=\"\" srcset=\"https:\/\/in2.group\/wp-content\/uploads\/2024\/11\/youve-got-yourself-a-deal-2024-05-02-12-23-32-utc-768x513.jpg 768w, https:\/\/in2.group\/wp-content\/uploads\/2024\/11\/youve-got-yourself-a-deal-2024-05-02-12-23-32-utc-1536x1025.jpg 1536w, https:\/\/in2.group\/wp-content\/uploads\/2024\/11\/youve-got-yourself-a-deal-2024-05-02-12-23-32-utc-2048x1367.jpg 2048w, https:\/\/in2.group\/wp-content\/uploads\/2024\/11\/youve-got-yourself-a-deal-2024-05-02-12-23-32-utc-1200x801.jpg 1200w\" sizes=\"(max-width: 768px) 100vw, 768px\" \/>\t\t\t\t\t\t\t\t\t\t\t\t\t\t\t<\/div>\n\t\t\t\t<\/div>\n\t\t<div class=\"elementor-element elementor-element-02b7024 e-con-full e-flex e-con e-child\" data-id=\"02b7024\" data-element_type=\"container\" data-settings=\"{&quot;background_background&quot;:&quot;classic&quot;}\">\n\t\t\t\t<div class=\"elementor-element elementor-element-c51b1ce elementor-widget elementor-widget-text-editor\" data-id=\"c51b1ce\" data-element_type=\"widget\" data-widget_type=\"text-editor.default\">\n\t\t\t\t<div class=\"elementor-widget-container\">\n\t\t\t\t\t\t\t\t\t<p>In2Group ist ein weltweit anerkanntes Beschaffungs- und Beratungsunternehmen, das sich der Bereitstellung einzigartiger, innovativer L\u00f6sungen widmet, die auf die Bed\u00fcrfnisse unserer Kunden zugeschnitten sind. Dank unserer exklusiven Partnerschaften und unseres umfangreichen Netzwerks bieten wir au\u00dfergew\u00f6hnliche Produkte und Dienstleistungen, die die Effizienz f\u00f6rdern und das Wachstum von Unternehmen in der EMEA-Region und in Gro\u00dfbritannien vorantreiben. <\/p>\n\t\t\t\t\t\t\t\t<\/div>\n\t\t\t\t<\/div>\n\t\t\t\t<\/div>\n\t\t\t\t<\/div>\n\t\t<div class=\"elementor-element elementor-element-38e1059 e-con-full animated-slow e-flex elementor-invisible e-con e-child\" data-id=\"38e1059\" data-element_type=\"container\" data-settings=\"{&quot;animation&quot;:&quot;fadeInUp&quot;}\">\n\t\t<div class=\"elementor-element elementor-element-b5b1883 e-con-full e-flex e-con e-child\" data-id=\"b5b1883\" data-element_type=\"container\" data-settings=\"{&quot;background_background&quot;:&quot;classic&quot;}\">\n\t\t\t\t<div class=\"elementor-element elementor-element-69fe69c elementor-widget__width-initial elementor-widget-mobile__width-inherit elementor-widget-tablet__width-inherit cea-view-default elementor-widget elementor-widget-ceafeaturebox\" data-id=\"69fe69c\" data-element_type=\"widget\" data-widget_type=\"ceafeaturebox.default\">\n\t\t\t\t<div class=\"elementor-widget-container feature-box-wrapper feature-box-default\">\n\t\t\t<div class=\"feature-box-inner\"><h4 class=\"feature-box-title\">Experten f\u00fcr Einkauf und Beratung<\/h4><div class=\"fbox-content\">In2Group bietet einzigartige Beschaffungs- und Beratungsl\u00f6sungen \u00fcber exklusive Partner an.\n\n\n\n\n\n\n<\/div><\/div>\t\t<\/div>\n\t\t\t\t<\/div>\n\t\t\t\t<\/div>\n\t\t\t\t<div class=\"elementor-element elementor-element-11c62a8 elementor-widget-tablet__width-inherit elementor-widget elementor-widget-image\" data-id=\"11c62a8\" data-element_type=\"widget\" data-widget_type=\"image.default\">\n\t\t\t\t<div class=\"elementor-widget-container\">\n\t\t\t\t\t\t\t\t\t\t\t\t\t\t\t<img decoding=\"async\" width=\"768\" height=\"513\" src=\"https:\/\/in2.group\/wp-content\/uploads\/2024\/11\/working-with-financial-document-2023-11-27-05-04-40-utc-768x513.jpg\" class=\"attachment-medium_large size-medium_large wp-image-93981\" alt=\"\" srcset=\"https:\/\/in2.group\/wp-content\/uploads\/2024\/11\/working-with-financial-document-2023-11-27-05-04-40-utc-768x513.jpg 768w, https:\/\/in2.group\/wp-content\/uploads\/2024\/11\/working-with-financial-document-2023-11-27-05-04-40-utc-1536x1025.jpg 1536w, https:\/\/in2.group\/wp-content\/uploads\/2024\/11\/working-with-financial-document-2023-11-27-05-04-40-utc-2048x1367.jpg 2048w, https:\/\/in2.group\/wp-content\/uploads\/2024\/11\/working-with-financial-document-2023-11-27-05-04-40-utc-1200x801.jpg 1200w\" sizes=\"(max-width: 768px) 100vw, 768px\" \/>\t\t\t\t\t\t\t\t\t\t\t\t\t\t\t<\/div>\n\t\t\t\t<\/div>\n\t\t\t\t<\/div>\n\t\t\t\t<\/div>\n\t\t\t\t\t<\/div>\n\t\t\t\t<\/div>\n\t\t<div data-cea-float=\"[{&quot;float_title&quot;:&quot;Floating Image&quot;,&quot;float_img&quot;:&quot;https:\\\/\\\/wordpress.zozothemes.com\\\/finxpert\\\/wp-content\\\/uploads\\\/sites\\\/24\\\/2024\\\/06\\\/arrow-images.png&quot;,&quot;float_left&quot;:&quot;35&quot;,&quot;float_top&quot;:&quot;34&quot;,&quot;float_distance&quot;:&quot;100&quot;,&quot;float_animation&quot;:&quot;1&quot;,&quot;float_mouse&quot;:&quot;0&quot;,&quot;float_width&quot;:&quot;150px&quot;}]\" class=\"elementor-element elementor-element-7bd7f192 e-flex e-con-boxed e-con e-parent\" data-id=\"7bd7f192\" data-element_type=\"container\" data-settings=\"{&quot;background_background&quot;:&quot;classic&quot;}\">\n\t\t\t\t\t<div class=\"e-con-inner\">\n\t\t<div class=\"elementor-element elementor-element-1ba3b89a e-con-full e-flex e-con e-child\" data-id=\"1ba3b89a\" data-element_type=\"container\" data-settings=\"{&quot;background_background&quot;:&quot;classic&quot;}\">\n\t\t<div class=\"elementor-element elementor-element-1f80a7f5 e-con-full e-flex e-con e-child\" data-id=\"1f80a7f5\" data-element_type=\"container\" data-settings=\"{&quot;background_background&quot;:&quot;classic&quot;}\">\n\t\t\t\t<div class=\"elementor-element elementor-element-7a264d9c cea-tablet-align-center elementor-widget elementor-widget-ceasectiontitle\" data-id=\"7a264d9c\" data-element_type=\"widget\" data-widget_type=\"ceasectiontitle.default\">\n\t\t\t\t<div class=\"elementor-widget-container\">\n\t\t\t\t\t<div class=\"section-title-wrapper\"><div class=\"title-wrap\"><div class=\"sub-title\"><span class=\"subtitle-dots\">\u00dcber in2Group<\/span><\/div><h2 class=\"section-title\">Innovative L\u00f6sungen f\u00fcr Ihr Unternehmen<\/h2><\/div><!-- .title-wrap --><div class=\"section-description\"><\/div><!-- .section-description --><\/div><!-- .section-title-wrapper -->\t\t\t\t<\/div>\n\t\t\t\t<\/div>\n\t\t\t\t<\/div>\n\t\t<div class=\"elementor-element elementor-element-6e011310 e-con-full square-before e-flex e-con e-child\" data-id=\"6e011310\" data-element_type=\"container\">\n\t\t<div class=\"elementor-element elementor-element-129cd2f2 e-con-full e-flex e-con e-child\" data-id=\"129cd2f2\" data-element_type=\"container\">\n\t\t\t\t<div class=\"elementor-element elementor-element-25c28dba elementor-widget elementor-widget-image\" data-id=\"25c28dba\" data-element_type=\"widget\" data-widget_type=\"image.default\">\n\t\t\t\t<div class=\"elementor-widget-container\">\n\t\t\t\t\t\t\t\t\t\t\t\t\t\t\t<img decoding=\"async\" src=\"https:\/\/in2.group\/wp-content\/uploads\/2024\/06\/home4-image3-copyright-2.jpg\" title=\"home4-image3-copyright\" alt=\"home4-image3-copyright\" loading=\"lazy\" \/>\t\t\t\t\t\t\t\t\t\t\t\t\t\t\t<\/div>\n\t\t\t\t<\/div>\n\t\t\t\t<\/div>\n\t\t<div class=\"elementor-element elementor-element-7a6630a1 e-con-full e-flex e-con e-child\" data-id=\"7a6630a1\" data-element_type=\"container\">\n\t\t<div class=\"elementor-element elementor-element-675535e7 e-con-full e-flex e-con e-child\" data-id=\"675535e7\" data-element_type=\"container\">\n\t\t\t\t<\/div>\n\t\t\t\t<\/div>\n\t\t\t\t<\/div>\n\t\t\t\t<\/div>\n\t\t<div class=\"elementor-element elementor-element-4ee7c119 e-con-full e-flex e-con e-child\" data-id=\"4ee7c119\" data-element_type=\"container\">\n\t\t<div class=\"elementor-element elementor-element-431ccc10 e-con-full e-flex e-con e-child\" data-id=\"431ccc10\" data-element_type=\"container\">\n\t\t<div class=\"elementor-element elementor-element-4a16b524 e-con-full e-flex e-con e-child\" data-id=\"4a16b524\" data-element_type=\"container\">\n\t\t\t\t<div class=\"elementor-element elementor-element-3045e7f6 elementor-widget elementor-widget-image\" data-id=\"3045e7f6\" data-element_type=\"widget\" data-widget_type=\"image.default\">\n\t\t\t\t<div class=\"elementor-widget-container\">\n\t\t\t\t\t\t\t\t\t\t\t\t\t\t\t<img decoding=\"async\" width=\"768\" height=\"431\" src=\"https:\/\/in2.group\/wp-content\/uploads\/2024\/06\/about-bg-2.jpg\" class=\"attachment-medium_large size-medium_large wp-image-80051\" alt=\"\" \/>\t\t\t\t\t\t\t\t\t\t\t\t\t\t\t<\/div>\n\t\t\t\t<\/div>\n\t\t\t\t<\/div>\n\t\t\t\t<\/div>\n\t\t<div class=\"elementor-element elementor-element-17e796cc e-con-full e-flex e-con e-child\" data-id=\"17e796cc\" data-element_type=\"container\">\n\t\t<div class=\"elementor-element elementor-element-375a62fc e-con-full e-flex e-con e-child\" data-id=\"375a62fc\" data-element_type=\"container\">\n\t\t\t\t<div class=\"elementor-element elementor-element-967b3de elementor-widget elementor-widget-text-editor\" data-id=\"967b3de\" data-element_type=\"widget\" data-widget_type=\"text-editor.default\">\n\t\t\t\t<div class=\"elementor-widget-container\">\n\t\t\t\t\t\t\t\t\t<p><em>In2Group ist Ihr zuverl\u00e4ssiger Partner bei der Navigation durch die Komplexit\u00e4t von Beschaffung und Beratung. Mit jahrelanger Erfahrung und einem robusten Netzwerk exklusiver Partnerschaften liefern wir einzigartige und einfallsreiche L\u00f6sungen, die auf Ihre speziellen Produkt- und Serviceanforderungen zugeschnitten sind. Mit dem Zugang zu patentierten Produkten stellen wir sicher, dass Sie Angebote erhalten, die sich auf dem Markt abheben.  <\/em><\/p>\n\t\t\t\t\t\t\t\t<\/div>\n\t\t\t\t<\/div>\n\t\t\t\t<\/div>\n\t\t\t\t<\/div>\n\t\t<div class=\"elementor-element elementor-element-6911bb4 e-con-full e-flex e-con e-child\" data-id=\"6911bb4\" data-element_type=\"container\">\n\t\t<div class=\"elementor-element elementor-element-4cd3f19 e-con-full e-flex e-con e-child\" data-id=\"4cd3f19\" data-element_type=\"container\">\n\t\t\t\t<div class=\"elementor-element elementor-element-4c73caa7 elementor-widget elementor-widget-ceaiconlist\" data-id=\"4c73caa7\" data-element_type=\"widget\" data-widget_type=\"ceaiconlist.default\">\n\t\t\t\t<div class=\"elementor-widget-container\">\n\t\t\t\t\t\t\t\r\n\t\t<ul class=\"nav flex-column cea-icon-list\">\r\n\t\t<li class=\"cea-icon-list-item\">\t\t\t\t\t<span class=\"cea-icon-list-icon\">\r\n\t\t\t\t\t\t<i aria-hidden=\"true\" class=\" bi-arrow-up-right-circle-fill\"><\/i>\t\t\t\t\t<\/span>\r\n\t\t\t\t<span class=\"icon-list-text\">Umfassende Branchenerfahrung<\/span><\/li><li class=\"cea-icon-list-item\">\t\t\t\t\t<span class=\"cea-icon-list-icon\">\r\n\t\t\t\t\t\t<i aria-hidden=\"true\" class=\" bi-arrow-up-right-circle-fill\"><\/i>\t\t\t\t\t<\/span>\r\n\t\t\t\t<span class=\"icon-list-text\">Exklusive Partnerschaften<\/span><\/li><li class=\"cea-icon-list-item\">\t\t\t\t\t<span class=\"cea-icon-list-icon\">\r\n\t\t\t\t\t\t<i aria-hidden=\"true\" class=\" bi-arrow-up-right-circle-fill\"><\/i>\t\t\t\t\t<\/span>\r\n\t\t\t\t<span class=\"icon-list-text\">Engagement f\u00fcr Qualit\u00e4t<\/span><\/li><li class=\"cea-icon-list-item\">\t\t\t\t\t<span class=\"cea-icon-list-icon\">\r\n\t\t\t\t\t\t<i aria-hidden=\"true\" class=\" bi-arrow-up-right-circle-fill\"><\/i>\t\t\t\t\t<\/span>\r\n\t\t\t\t<span class=\"icon-list-text\">Globales Netzwerk<\/span><\/li>\t\t<\/ul>\r\n\t\t\r\n\t\t\t\t\t\t<\/div>\n\t\t\t\t<\/div>\n\t\t\t\t<\/div>\n\t\t<div class=\"elementor-element elementor-element-5a7f4f71 e-con-full e-flex e-con e-child\" data-id=\"5a7f4f71\" data-element_type=\"container\">\n\t\t\t\t<div class=\"elementor-element elementor-element-5dc5f35a elementor-widget elementor-widget-ceaiconlist\" data-id=\"5dc5f35a\" data-element_type=\"widget\" data-widget_type=\"ceaiconlist.default\">\n\t\t\t\t<div class=\"elementor-widget-container\">\n\t\t\t\t\t\t\t\r\n\t\t<ul class=\"nav flex-column cea-icon-list\">\r\n\t\t<li class=\"cea-icon-list-item\">\t\t\t\t\t<span class=\"cea-icon-list-icon\">\r\n\t\t\t\t\t\t<i aria-hidden=\"true\" class=\" bi-arrow-up-right-circle-fill\"><\/i>\t\t\t\t\t<\/span>\r\n\t\t\t\t<span class=\"icon-list-text\">Innovativer Ansatz<\/span><\/li><li class=\"cea-icon-list-item\">\t\t\t\t\t<span class=\"cea-icon-list-icon\">\r\n\t\t\t\t\t\t<i aria-hidden=\"true\" class=\" bi-arrow-up-right-circle-fill\"><\/i>\t\t\t\t\t<\/span>\r\n\t\t\t\t<span class=\"icon-list-text\">B2B Business Plattform<\/span><\/li><li class=\"cea-icon-list-item\">\t\t\t\t\t<span class=\"cea-icon-list-icon\">\r\n\t\t\t\t\t\t<i aria-hidden=\"true\" class=\" bi-arrow-up-right-circle-fill\"><\/i>\t\t\t\t\t<\/span>\r\n\t\t\t\t<span class=\"icon-list-text\">Wissen teilen<\/span><\/li><li class=\"cea-icon-list-item\">\t\t\t\t\t<span class=\"cea-icon-list-icon\">\r\n\t\t\t\t\t\t<i aria-hidden=\"true\" class=\" bi-arrow-up-right-circle-fill\"><\/i>\t\t\t\t\t<\/span>\r\n\t\t\t\t<span class=\"icon-list-text\">Personalisierte L\u00f6sungen<\/span><\/li>\t\t<\/ul>\r\n\t\t\r\n\t\t\t\t\t\t<\/div>\n\t\t\t\t<\/div>\n\t\t\t\t<\/div>\n\t\t\t\t<\/div>\n\t\t\t\t<\/div>\n\t\t\t\t\t<\/div>\n\t\t\t\t<\/div>\n\t\t<div class=\"elementor-element elementor-element-ee39b7b e-flex e-con-boxed e-con e-parent\" data-id=\"ee39b7b\" data-element_type=\"container\" data-settings=\"{&quot;background_background&quot;:&quot;classic&quot;}\">\n\t\t\t\t\t<div class=\"e-con-inner\">\n\t\t<div class=\"elementor-element elementor-element-9b91258 e-con-full e-flex e-con e-child\" data-id=\"9b91258\" data-element_type=\"container\">\n\t\t<div class=\"elementor-element elementor-element-9ae37fd e-con-full e-flex e-con e-child\" data-id=\"9ae37fd\" data-element_type=\"container\">\n\t\t\t\t<div class=\"elementor-element elementor-element-fdc40ff cea-mobile-align-left elementor-widget elementor-widget-ceasectiontitle\" data-id=\"fdc40ff\" data-element_type=\"widget\" data-widget_type=\"ceasectiontitle.default\">\n\t\t\t\t<div class=\"elementor-widget-container\">\n\t\t\t\t\t<div class=\"section-title-wrapper\"><div class=\"title-wrap\"><div class=\"sub-title\"><span class=\"subtitle-dots\">in2Group<\/span><\/div><h2 class=\"section-title\">St\u00e4rkung der Unternehmen mit innovativen L\u00f6sungen  <\/h2><\/div><!-- .title-wrap --><div class=\"section-description\"><\/div><!-- .section-description --><\/div><!-- .section-title-wrapper -->\t\t\t\t<\/div>\n\t\t\t\t<\/div>\n\t\t\t\t<\/div>\n\t\t<div class=\"elementor-element elementor-element-78966b1 e-con-full e-flex e-con e-child\" data-id=\"78966b1\" data-element_type=\"container\">\n\t\t\t\t<div class=\"elementor-element elementor-element-7e22a85 cea-btn-tablet-align-left dark-bg-button elementor-invisible elementor-widget elementor-widget-ceabutton\" data-id=\"7e22a85\" data-element_type=\"widget\" data-settings=\"{&quot;_animation&quot;:&quot;fadeInUp&quot;}\" data-widget_type=\"ceabutton.default\">\n\t\t\t\t<div class=\"elementor-widget-container cea-button-wrapper\">\r\n\t\t\t\t\t<div class=\"cea-button-wrapper\">\r\n\t\t\t<a href=\"\/de\/neem-contact-met-ons-op\/\" class=\"cea-button-link elementor-button cea-button elementor-size-sm\">\r\n\t\t\t\t\t\t<span class=\"cea-button-content-wrapper\">\r\n\t\t\t\t\t\t<span class=\"cea-button-icon cea-align-icon-right\">\r\n\t\t\t\t<i aria-hidden=\"true\" class=\" bi-arrow-right\"><\/i>\t\t\t<\/span>\r\n\t\t\t\t\t\t<span class=\"cea-button-text\">Kontakt<\/span>\r\n\t\t<\/span>\r\n\t\t\t\t\t<\/a>\r\n\t\t<\/div>\r\n\t\t\t\t<\/div>\r\n\t\t\t\t<\/div>\n\t\t\t\t<\/div>\n\t\t\t\t<\/div>\n\t\t<div class=\"elementor-element elementor-element-4bfcee9 e-flex e-con-boxed e-con e-child\" data-id=\"4bfcee9\" data-element_type=\"container\">\n\t\t\t\t\t<div class=\"e-con-inner\">\n\t\t<div class=\"elementor-element elementor-element-12129a4 e-con-full e-flex e-con e-child\" data-id=\"12129a4\" data-element_type=\"container\">\n\t\t<div class=\"elementor-element elementor-element-4fc12a2 e-con-full e-flex e-con e-child\" data-id=\"4fc12a2\" data-element_type=\"container\">\n\t\t<div class=\"elementor-element elementor-element-b46be9d e-con-full e-flex e-con e-child\" data-id=\"b46be9d\" data-element_type=\"container\">\n\t\t\t\t<div class=\"elementor-element elementor-element-286d87a elementor-widget elementor-widget-image\" data-id=\"286d87a\" data-element_type=\"widget\" data-widget_type=\"image.default\">\n\t\t\t\t<div class=\"elementor-widget-container\">\n\t\t\t\t\t\t\t\t\t\t\t\t\t\t\t<img loading=\"lazy\" decoding=\"async\" width=\"64\" height=\"64\" src=\"https:\/\/in2.group\/wp-content\/uploads\/2024\/10\/magnifying-glass-1.png\" class=\"attachment-large size-large wp-image-93211\" alt=\"\" \/>\t\t\t\t\t\t\t\t\t\t\t\t\t\t\t<\/div>\n\t\t\t\t<\/div>\n\t\t\t\t<\/div>\n\t\t<div class=\"elementor-element elementor-element-130ac11 e-con-full e-flex e-con e-child\" data-id=\"130ac11\" data-element_type=\"container\">\n\t\t\t\t<div class=\"elementor-element elementor-element-136e985 cea-view-default elementor-widget elementor-widget-ceafeaturebox\" data-id=\"136e985\" data-element_type=\"widget\" data-widget_type=\"ceafeaturebox.default\">\n\t\t\t\t<div class=\"elementor-widget-container feature-box-wrapper feature-box-default\">\n\t\t\t<div class=\"feature-box-inner\"><h4 class=\"feature-box-title\">Partnerschaften<\/h4><div class=\"fbox-content\">In2Group bietet einzigartige Produkte durch exklusive Partnerschaften an, die den Kunden einen erheblichen Wettbewerbsvorteil verschaffen.\n\n\n\n\n\n\n<\/div><\/div>\t\t<\/div>\n\t\t\t\t<\/div>\n\t\t\t\t<\/div>\n\t\t\t\t<\/div>\n\t\t<div class=\"elementor-element elementor-element-3833b67 e-con-full e-flex e-con e-child\" data-id=\"3833b67\" data-element_type=\"container\">\n\t\t<div class=\"elementor-element elementor-element-a2b3011 e-con-full e-flex e-con e-child\" data-id=\"a2b3011\" data-element_type=\"container\">\n\t\t\t\t<div class=\"elementor-element elementor-element-37f00d5 elementor-widget elementor-widget-image\" data-id=\"37f00d5\" data-element_type=\"widget\" data-widget_type=\"image.default\">\n\t\t\t\t<div class=\"elementor-widget-container\">\n\t\t\t\t\t\t\t\t\t\t\t\t\t\t\t<img loading=\"lazy\" decoding=\"async\" width=\"64\" height=\"64\" src=\"https:\/\/in2.group\/wp-content\/uploads\/2024\/10\/partnership.png\" class=\"attachment-large size-large wp-image-93203\" alt=\"\" \/>\t\t\t\t\t\t\t\t\t\t\t\t\t\t\t<\/div>\n\t\t\t\t<\/div>\n\t\t\t\t<\/div>\n\t\t<div class=\"elementor-element elementor-element-7f5833d e-con-full e-flex e-con e-child\" data-id=\"7f5833d\" data-element_type=\"container\">\n\t\t\t\t<div class=\"elementor-element elementor-element-86ebef9 cea-view-default elementor-widget elementor-widget-ceafeaturebox\" data-id=\"86ebef9\" data-element_type=\"widget\" data-widget_type=\"ceafeaturebox.default\">\n\t\t\t\t<div class=\"elementor-widget-container feature-box-wrapper feature-box-default\">\n\t\t\t<div class=\"feature-box-inner\"><h4 class=\"feature-box-title\">B2B-Plattform<\/h4><div class=\"fbox-content\">Unsere B2B-Plattform bringt Unternehmen und Lieferanten in EMEA und Gro\u00dfbritannien zusammen und erm\u00f6glicht so Gesch\u00e4ftswachstum.\n\n\n\n\n\n\n<\/div><\/div>\t\t<\/div>\n\t\t\t\t<\/div>\n\t\t\t\t<\/div>\n\t\t\t\t<\/div>\n\t\t<div class=\"elementor-element elementor-element-770db11 e-con-full e-flex e-con e-child\" data-id=\"770db11\" data-element_type=\"container\">\n\t\t<div class=\"elementor-element elementor-element-48c06f7 e-con-full e-flex e-con e-child\" data-id=\"48c06f7\" data-element_type=\"container\">\n\t\t\t\t<div class=\"elementor-element elementor-element-2175b23 elementor-widget elementor-widget-image\" data-id=\"2175b23\" data-element_type=\"widget\" data-widget_type=\"image.default\">\n\t\t\t\t<div class=\"elementor-widget-container\">\n\t\t\t\t\t\t\t\t\t\t\t\t\t\t\t<img loading=\"lazy\" decoding=\"async\" width=\"64\" height=\"64\" src=\"https:\/\/in2.group\/wp-content\/uploads\/2024\/10\/collaboration.png\" class=\"attachment-large size-large wp-image-93204\" alt=\"\" \/>\t\t\t\t\t\t\t\t\t\t\t\t\t\t\t<\/div>\n\t\t\t\t<\/div>\n\t\t\t\t<\/div>\n\t\t<div class=\"elementor-element elementor-element-6be9020 e-con-full e-flex e-con e-child\" data-id=\"6be9020\" data-element_type=\"container\">\n\t\t\t\t<div class=\"elementor-element elementor-element-6c8d764 cea-view-default elementor-widget elementor-widget-ceafeaturebox\" data-id=\"6c8d764\" data-element_type=\"widget\" data-widget_type=\"ceafeaturebox.default\">\n\t\t\t\t<div class=\"elementor-widget-container feature-box-wrapper feature-box-default\">\n\t\t\t<div class=\"feature-box-inner\"><h4 class=\"feature-box-title\">  Zusammenarbeit<\/h4><div class=\"fbox-content\">Bei In2Group dreht sich alles um Zusammenarbeit, die zu ma\u00dfgeschneiderten L\u00f6sungen und langfristigem Erfolg f\u00fcr alle f\u00fchrt.\n\n\n\n\n\n\n<\/div><\/div>\t\t<\/div>\n\t\t\t\t<\/div>\n\t\t\t\t<\/div>\n\t\t\t\t<\/div>\n\t\t\t\t<\/div>\n\t\t<div class=\"elementor-element elementor-element-ff0ba9f e-con-full e-flex e-con e-child\" data-id=\"ff0ba9f\" data-element_type=\"container\" data-settings=\"{&quot;background_background&quot;:&quot;classic&quot;}\">\n\t\t\t\t<\/div>\n\t\t\t\t\t<\/div>\n\t\t\t\t<\/div>\n\t\t\t\t\t<\/div>\n\t\t\t\t<\/div>\n\t\t\t\t<\/div>\n\t\t","protected":false},"excerpt":{"rendered":"<p>In2group Zusammenarbeit und Innovation Kontakt In2Group ist ein weltweit anerkanntes Beschaffungs- und Beratungsunternehmen, das sich der Bereitstellung einzigartiger, innovativer L\u00f6sungen widmet, die auf die Bed\u00fcrfnisse unserer Kunden..<\/p>\n","protected":false},"author":1,"featured_media":0,"parent":0,"menu_order":0,"comment_status":"closed","ping_status":"closed","template":"","meta":{"footnotes":""},"class_list":["post-98503","page","type-page","status-publish","hentry"],"_links":{"self":[{"href":"https:\/\/in2.group\/de\/wp-json\/wp\/v2\/pages\/98503","targetHints":{"allow":["GET"]}}],"collection":[{"href":"https:\/\/in2.group\/de\/wp-json\/wp\/v2\/pages"}],"about":[{"href":"https:\/\/in2.group\/de\/wp-json\/wp\/v2\/types\/page"}],"author":[{"embeddable":true,"href":"https:\/\/in2.group\/de\/wp-json\/wp\/v2\/users\/1"}],"replies":[{"embeddable":true,"href":"https:\/\/in2.group\/de\/wp-json\/wp\/v2\/comments?post=98503"}],"version-history":[{"count":6,"href":"https:\/\/in2.group\/de\/wp-json\/wp\/v2\/pages\/98503\/revisions"}],"predecessor-version":[{"id":100738,"href":"https:\/\/in2.group\/de\/wp-json\/wp\/v2\/pages\/98503\/revisions\/100738"}],"wp:attachment":[{"href":"https:\/\/in2.group\/de\/wp-json\/wp\/v2\/media?parent=98503"}],"curies":[{"name":"wp","href":"https:\/\/api.w.org\/{rel}","templated":true}]}}