{"id":98467,"date":"2024-07-04T09:33:43","date_gmt":"2024-07-04T09:33:43","guid":{"rendered":"https:\/\/in2.group\/kontaktieren-sie-uns\/"},"modified":"2025-02-25T20:42:54","modified_gmt":"2025-02-25T20:42:54","slug":"kontaktieren-sie-uns","status":"publish","type":"page","link":"https:\/\/in2.group\/de\/kontaktieren-sie-uns\/","title":{"rendered":"Kontaktieren Sie uns"},"content":{"rendered":"\t\t<div data-elementor-type=\"wp-page\" data-elementor-id=\"98467\" class=\"elementor elementor-98467 elementor-82621\">\n\t\t\t\t<div class=\"elementor-element elementor-element-2bb3ee5 breadcump elementor-hidden-desktop elementor-hidden-tablet elementor-hidden-mobile e-flex e-con-boxed e-con e-parent\" data-id=\"2bb3ee5\" data-element_type=\"container\" data-settings=\"{&quot;background_background&quot;:&quot;classic&quot;}\">\n\t\t\t\t\t<div class=\"e-con-inner\">\n\t\t<div class=\"elementor-element elementor-element-bb4fb20 e-con-full e-flex e-con e-child\" data-id=\"bb4fb20\" data-element_type=\"container\">\n\t\t\t\t<div class=\"elementor-element elementor-element-9623e20 animated-fast elementor-invisible elementor-widget elementor-widget-ceasectiontitle\" data-id=\"9623e20\" data-element_type=\"widget\" data-settings=\"{&quot;_animation&quot;:&quot;fadeInUp&quot;}\" data-widget_type=\"ceasectiontitle.default\">\n\t\t\t\t<div class=\"elementor-widget-container\">\n\t\t\t\t\t<div class=\"section-title-wrapper\"><div class=\"title-wrap\"><h2 class=\"section-title\"><span class=\"title-prefix\">Kontaktieren Sie uns<\/span>  <span class=\"title-suffix\"> <\/span><\/h2><\/div><!-- .title-wrap --><div class=\"section-description\"><\/div><!-- .section-description --><\/div><!-- .section-title-wrapper -->\t\t\t\t<\/div>\n\t\t\t\t<\/div>\n\t\t<div class=\"elementor-element elementor-element-b186533 e-con-full e-flex elementor-invisible e-con e-child\" data-id=\"b186533\" data-element_type=\"container\" data-settings=\"{&quot;animation&quot;:&quot;fadeInUp&quot;}\">\n\t\t\t\t<div class=\"elementor-element elementor-element-f989f9b elementor-icon-list--layout-inline elementor-widget__width-auto elementor-list-item-link-full_width elementor-widget elementor-widget-icon-list\" data-id=\"f989f9b\" data-element_type=\"widget\" data-widget_type=\"icon-list.default\">\n\t\t\t\t<div class=\"elementor-widget-container\">\n\t\t\t\t\t\t\t<ul class=\"elementor-icon-list-items elementor-inline-items\">\n\t\t\t\t\t\t\t<li class=\"elementor-icon-list-item elementor-inline-item\">\n\t\t\t\t\t\t\t\t\t\t\t<a href=\"https:\/\/test.in2.group\/\">\n\n\t\t\t\t\t\t\t\t\t\t\t<span class=\"elementor-icon-list-text\">Startseite<\/span>\n\t\t\t\t\t\t\t\t\t\t\t<\/a>\n\t\t\t\t\t\t\t\t\t<\/li>\n\t\t\t\t\t\t\t\t<li class=\"elementor-icon-list-item elementor-inline-item\">\n\t\t\t\t\t\t\t\t\t\t\t<span class=\"elementor-icon-list-icon\">\n\t\t\t\t\t\t\t<i aria-hidden=\"true\" class=\" bi-chevron-right\"><\/i>\t\t\t\t\t\t<\/span>\n\t\t\t\t\t\t\t\t\t\t<span class=\"elementor-icon-list-text\">Kontakt<\/span>\n\t\t\t\t\t\t\t\t\t<\/li>\n\t\t\t\t\t\t<\/ul>\n\t\t\t\t\t\t<\/div>\n\t\t\t\t<\/div>\n\t\t\t\t<\/div>\n\t\t\t\t<\/div>\n\t\t\t\t\t<\/div>\n\t\t\t\t<\/div>\n\t\t<div class=\"elementor-element elementor-element-8859c18 elementor-hidden-desktop elementor-hidden-tablet elementor-hidden-mobile e-flex e-con-boxed e-con e-parent\" data-id=\"8859c18\" data-element_type=\"container\">\n\t\t\t\t\t<div class=\"e-con-inner\">\n\t\t<div class=\"elementor-element elementor-element-b1cd092 e-con-full e-flex e-con e-child\" data-id=\"b1cd092\" data-element_type=\"container\">\n\t\t<div class=\"elementor-element elementor-element-9f13b14 e-con-full e-flex e-con e-child\" data-id=\"9f13b14\" data-element_type=\"container\">\n\t\t\t\t<div class=\"elementor-element elementor-element-8dfe354 cea-mobile-align-left cea-align-left animated-fast elementor-invisible elementor-widget elementor-widget-ceasectiontitle\" data-id=\"8dfe354\" data-element_type=\"widget\" data-settings=\"{&quot;_animation&quot;:&quot;fadeInUp&quot;}\" data-widget_type=\"ceasectiontitle.default\">\n\t\t\t\t<div class=\"elementor-widget-container\">\n\t\t\t\t\t<div class=\"section-title-wrapper\"><div class=\"title-wrap\"><div class=\"sub-title\"><span class=\"subtitle-dots\">In2group<\/span><\/div><h2 class=\"section-title\"><span class=\"title-prefix\">Zusammenarbeit und Innovation<\/span> <\/h2><\/div><!-- .title-wrap --><div class=\"section-description\"><\/div><!-- .section-description --><\/div><!-- .section-title-wrapper -->\t\t\t\t<\/div>\n\t\t\t\t<\/div>\n\t\t\t\t<\/div>\n\t\t<div class=\"elementor-element elementor-element-80e1232 e-con-full e-flex e-con e-child\" data-id=\"80e1232\" data-element_type=\"container\">\n\t\t\t\t<div class=\"elementor-element elementor-element-eb9133c cea-btn-tablet-align-left dark-bg-button cea-btn-align-right elementor-invisible elementor-widget elementor-widget-ceabutton\" data-id=\"eb9133c\" data-element_type=\"widget\" data-settings=\"{&quot;_animation&quot;:&quot;fadeInUp&quot;}\" data-widget_type=\"ceabutton.default\">\n\t\t\t\t<div class=\"elementor-widget-container cea-button-wrapper\">\r\n\t\t\t\t\t<div class=\"cea-button-wrapper\">\r\n\t\t\t<a href=\"#form\" class=\"cea-button-link elementor-button cea-button elementor-size-sm\">\r\n\t\t\t\t\t\t<span class=\"cea-button-content-wrapper\">\r\n\t\t\t\t\t\t<span class=\"cea-button-icon cea-align-icon-right\">\r\n\t\t\t\t<i aria-hidden=\"true\" class=\" bi-arrow-right\"><\/i>\t\t\t<\/span>\r\n\t\t\t\t\t\t<span class=\"cea-button-text\">Mehr erfahren<\/span>\r\n\t\t<\/span>\r\n\t\t\t\t\t<\/a>\r\n\t\t<\/div>\r\n\t\t\t\t<\/div>\r\n\t\t\t\t<\/div>\n\t\t\t\t<\/div>\n\t\t\t\t<\/div>\n\t\t<div class=\"elementor-element elementor-element-2129949 e-con-full e-flex e-con e-child\" data-id=\"2129949\" data-element_type=\"container\">\n\t\t<div class=\"elementor-element elementor-element-4a63610 e-con-full e-flex elementor-invisible e-con e-child\" data-id=\"4a63610\" data-element_type=\"container\" data-settings=\"{&quot;animation&quot;:&quot;fadeInUp&quot;}\">\n\t\t\t\t<div class=\"elementor-element elementor-element-4c0bb64 elementor-widget-tablet__width-inherit elementor-widget elementor-widget-image\" data-id=\"4c0bb64\" data-element_type=\"widget\" data-widget_type=\"image.default\">\n\t\t\t\t<div class=\"elementor-widget-container\">\n\t\t\t\t\t\t\t\t\t\t\t\t\t\t\t<img fetchpriority=\"high\" decoding=\"async\" width=\"768\" height=\"513\" src=\"https:\/\/in2.group\/wp-content\/uploads\/2024\/11\/youve-got-yourself-a-deal-2024-05-02-12-23-32-utc-768x513.jpg\" class=\"attachment-medium_large size-medium_large wp-image-93987\" alt=\"\" srcset=\"https:\/\/in2.group\/wp-content\/uploads\/2024\/11\/youve-got-yourself-a-deal-2024-05-02-12-23-32-utc-768x513.jpg 768w, https:\/\/in2.group\/wp-content\/uploads\/2024\/11\/youve-got-yourself-a-deal-2024-05-02-12-23-32-utc-1536x1025.jpg 1536w, https:\/\/in2.group\/wp-content\/uploads\/2024\/11\/youve-got-yourself-a-deal-2024-05-02-12-23-32-utc-2048x1367.jpg 2048w, https:\/\/in2.group\/wp-content\/uploads\/2024\/11\/youve-got-yourself-a-deal-2024-05-02-12-23-32-utc-1200x801.jpg 1200w\" sizes=\"(max-width: 768px) 100vw, 768px\" \/>\t\t\t\t\t\t\t\t\t\t\t\t\t\t\t<\/div>\n\t\t\t\t<\/div>\n\t\t<div class=\"elementor-element elementor-element-ed26add e-con-full e-flex e-con e-child\" data-id=\"ed26add\" data-element_type=\"container\" data-settings=\"{&quot;background_background&quot;:&quot;classic&quot;}\">\n\t\t\t\t<div class=\"elementor-element elementor-element-b1a79c2 elementor-widget elementor-widget-text-editor\" data-id=\"b1a79c2\" data-element_type=\"widget\" data-widget_type=\"text-editor.default\">\n\t\t\t\t<div class=\"elementor-widget-container\">\n\t\t\t\t\t\t\t\t\t<p>In2Group ist ein weltweit anerkanntes Beschaffungs- und Beratungsunternehmen, das sich der Bereitstellung einzigartiger, innovativer L\u00f6sungen widmet, die auf die Bed\u00fcrfnisse unserer Kunden zugeschnitten sind. Dank unserer exklusiven Partnerschaften und unseres umfangreichen Netzwerks bieten wir au\u00dfergew\u00f6hnliche Produkte und Dienstleistungen, die die Effizienz f\u00f6rdern und das Wachstum von Unternehmen in der EMEA-Region und in Gro\u00dfbritannien vorantreiben. <\/p>\n\t\t\t\t\t\t\t\t<\/div>\n\t\t\t\t<\/div>\n\t\t\t\t<\/div>\n\t\t\t\t<\/div>\n\t\t<div class=\"elementor-element elementor-element-6bda246 e-con-full animated-slow e-flex elementor-invisible e-con e-child\" data-id=\"6bda246\" data-element_type=\"container\" data-settings=\"{&quot;animation&quot;:&quot;fadeInUp&quot;}\">\n\t\t<div class=\"elementor-element elementor-element-2e2aa7e e-con-full e-flex e-con e-child\" data-id=\"2e2aa7e\" data-element_type=\"container\" data-settings=\"{&quot;background_background&quot;:&quot;classic&quot;}\">\n\t\t\t\t<div class=\"elementor-element elementor-element-82af218 elementor-widget__width-initial elementor-widget-mobile__width-inherit elementor-widget-tablet__width-inherit cea-view-default elementor-widget elementor-widget-ceafeaturebox\" data-id=\"82af218\" data-element_type=\"widget\" data-widget_type=\"ceafeaturebox.default\">\n\t\t\t\t<div class=\"elementor-widget-container feature-box-wrapper feature-box-default\">\n\t\t\t<div class=\"feature-box-inner\"><h4 class=\"feature-box-title\">Experten f\u00fcr Einkauf und Beratung<\/h4><div class=\"fbox-content\">In2Group bietet einzigartige Beschaffungs- und Beratungsl\u00f6sungen \u00fcber exklusive Partner an.\n\n\n\n\n\n\n<\/div><\/div>\t\t<\/div>\n\t\t\t\t<\/div>\n\t\t\t\t<\/div>\n\t\t\t\t<div class=\"elementor-element elementor-element-0034875 elementor-widget-tablet__width-inherit elementor-widget elementor-widget-image\" data-id=\"0034875\" data-element_type=\"widget\" data-widget_type=\"image.default\">\n\t\t\t\t<div class=\"elementor-widget-container\">\n\t\t\t\t\t\t\t\t\t\t\t\t\t\t\t<img decoding=\"async\" width=\"768\" height=\"513\" src=\"https:\/\/in2.group\/wp-content\/uploads\/2024\/11\/working-with-financial-document-2023-11-27-05-04-40-utc-768x513.jpg\" class=\"attachment-medium_large size-medium_large wp-image-93981\" alt=\"\" srcset=\"https:\/\/in2.group\/wp-content\/uploads\/2024\/11\/working-with-financial-document-2023-11-27-05-04-40-utc-768x513.jpg 768w, https:\/\/in2.group\/wp-content\/uploads\/2024\/11\/working-with-financial-document-2023-11-27-05-04-40-utc-1536x1025.jpg 1536w, https:\/\/in2.group\/wp-content\/uploads\/2024\/11\/working-with-financial-document-2023-11-27-05-04-40-utc-2048x1367.jpg 2048w, https:\/\/in2.group\/wp-content\/uploads\/2024\/11\/working-with-financial-document-2023-11-27-05-04-40-utc-1200x801.jpg 1200w\" sizes=\"(max-width: 768px) 100vw, 768px\" \/>\t\t\t\t\t\t\t\t\t\t\t\t\t\t\t<\/div>\n\t\t\t\t<\/div>\n\t\t\t\t<\/div>\n\t\t\t\t<\/div>\n\t\t\t\t\t<\/div>\n\t\t\t\t<\/div>\n\t\t<div class=\"elementor-element elementor-element-59d164cb e-flex e-con-boxed e-con e-parent\" data-id=\"59d164cb\" data-element_type=\"container\">\n\t\t\t\t\t<div class=\"e-con-inner\">\n\t\t<div class=\"elementor-element elementor-element-76e91716 e-con-full e-flex e-con e-child\" data-id=\"76e91716\" data-element_type=\"container\">\n\t\t<div class=\"elementor-element elementor-element-1a825531 e-con-full cus-hover-eft . e-flex e-con e-child\" data-id=\"1a825531\" data-element_type=\"container\" data-settings=\"{&quot;background_background&quot;:&quot;classic&quot;}\">\n\t\t\t\t<div class=\"elementor-element elementor-element-762f85f9 cea-view-default elementor-widget elementor-widget-ceafeaturebox\" data-id=\"762f85f9\" data-element_type=\"widget\" data-widget_type=\"ceafeaturebox.default\">\n\t\t\t\t<div class=\"elementor-widget-container feature-box-wrapper feature-box-default\">\n\t\t\t<div class=\"feature-box-inner\"><div class=\"fbox-number\">01<\/div><figure class=\"cea-feature-box-img\"><img decoding=\"async\" width=\"64\" height=\"64\" src=\"https:\/\/in2.group\/wp-content\/uploads\/2024\/11\/map.png\" class=\"attachment-full size-full\" alt=\"\" \/><\/figure><h4 class=\"feature-box-title\">Unsere Adresse<\/h4><div class=\"fbox-content\">Simon Stevinweg 15 6827 BS Arnheim, Besuch nach Vereinbarung.<\/div><\/div>\t\t<\/div>\n\t\t\t\t<\/div>\n\t\t\t\t<\/div>\n\t\t<div class=\"elementor-element elementor-element-734aaf94 e-con-full .cus-hover-eft e-flex e-con e-child\" data-id=\"734aaf94\" data-element_type=\"container\" data-settings=\"{&quot;background_background&quot;:&quot;classic&quot;}\">\n\t\t\t\t<div class=\"elementor-element elementor-element-7b1105ec cea-view-default elementor-widget elementor-widget-ceafeaturebox\" data-id=\"7b1105ec\" data-element_type=\"widget\" data-widget_type=\"ceafeaturebox.default\">\n\t\t\t\t<div class=\"elementor-widget-container feature-box-wrapper feature-box-default\">\n\t\t\t<div class=\"feature-box-inner\"><div class=\"fbox-number\">02<\/div><figure class=\"cea-feature-box-img\"><img loading=\"lazy\" decoding=\"async\" width=\"64\" height=\"64\" src=\"https:\/\/in2.group\/wp-content\/uploads\/2024\/11\/customer-support.png\" class=\"attachment-full size-full\" alt=\"\" \/><\/figure><h4 class=\"feature-box-title\">Kontakt<\/h4><div class=\"fbox-content\">\n<a href=\"mailto:%20info@in2.group\">  info@in2.group<\/a><\/div><\/div>\t\t<\/div>\n\t\t\t\t<\/div>\n\t\t\t\t<\/div>\n\t\t<div class=\"elementor-element elementor-element-64fb0ccf e-con-full .cus-hover-eft e-flex e-con e-child\" data-id=\"64fb0ccf\" data-element_type=\"container\" data-settings=\"{&quot;background_background&quot;:&quot;classic&quot;}\">\n\t\t\t\t<div class=\"elementor-element elementor-element-6972837 cea-view-default elementor-widget elementor-widget-ceafeaturebox\" data-id=\"6972837\" data-element_type=\"widget\" data-widget_type=\"ceafeaturebox.default\">\n\t\t\t\t<div class=\"elementor-widget-container feature-box-wrapper feature-box-default\">\n\t\t\t<div class=\"feature-box-inner\"><div class=\"fbox-number\">03<\/div><figure class=\"cea-feature-box-img\"><img loading=\"lazy\" decoding=\"async\" width=\"64\" height=\"64\" src=\"https:\/\/in2.group\/wp-content\/uploads\/2024\/11\/working-time.png\" class=\"attachment-full size-full\" alt=\"\" \/><\/figure><h4 class=\"feature-box-title\">Die \u00d6ffnungszeiten<\/h4><div class=\"fbox-content\"><div class=\"open-hrs\">Montag bis Freitag<span> 09:00-17:00<\/span> \n\n<\/div><\/div>\t\t<\/div>\n\t\t\t\t<\/div>\n\t\t\t\t<\/div>\n\t\t\t\t<\/div>\n\t\t\t\t\t<\/div>\n\t\t\t\t<\/div>\n\t\t<div class=\"elementor-element elementor-element-1ba2ef58 e-flex e-con-boxed e-con e-parent\" data-id=\"1ba2ef58\" data-element_type=\"container\" id=\"form\">\n\t\t\t\t\t<div class=\"e-con-inner\">\n\t\t<div class=\"elementor-element elementor-element-5317f304 e-flex e-con-boxed e-con e-child\" data-id=\"5317f304\" data-element_type=\"container\" data-settings=\"{&quot;background_background&quot;:&quot;classic&quot;}\">\n\t\t\t\t\t<div class=\"e-con-inner\">\n\t\t<div class=\"elementor-element elementor-element-13463a2c e-con-full e-flex e-con e-child\" data-id=\"13463a2c\" data-element_type=\"container\" data-settings=\"{&quot;background_background&quot;:&quot;classic&quot;}\">\n\t\t\t\t<div class=\"elementor-element elementor-element-1bb01192 cea-tablet-align-center elementor-widget elementor-widget-ceasectiontitle\" data-id=\"1bb01192\" data-element_type=\"widget\" data-widget_type=\"ceasectiontitle.default\">\n\t\t\t\t<div class=\"elementor-widget-container\">\n\t\t\t\t\t<div class=\"section-title-wrapper\"><div class=\"title-wrap\"><h3 class=\"section-title\">Senden Sie uns eine Nachricht<\/h3><\/div><!-- .title-wrap --><div class=\"section-description\"><\/div><!-- .section-description --><\/div><!-- .section-title-wrapper -->\t\t\t\t<\/div>\n\t\t\t\t<\/div>\n\t\t\t\t<div class=\"elementor-element elementor-element-41a60ad2 elementor-widget elementor-widget-contactform\" data-id=\"41a60ad2\" data-element_type=\"widget\" data-widget_type=\"contactform.default\">\n\t\t\t\t<div class=\"elementor-widget-container\">\n\t\t\t\t\t<div class=\"contact-form-wrapper cf-style-classic\"><div class=\"contact-form\">\n<div class=\"wpcf7 no-js\" id=\"wpcf7-f98958-o1\" lang=\"de-DE\" dir=\"ltr\" data-wpcf7-id=\"98958\">\n<div class=\"screen-reader-response\"><p role=\"status\" aria-live=\"polite\" aria-atomic=\"true\"><\/p> <ul><\/ul><\/div>\n<form action=\"\/de\/wp-json\/wp\/v2\/pages\/98467#wpcf7-f98958-o1\" method=\"post\" class=\"wpcf7-form init\" aria-label=\"Kontaktformular\" novalidate=\"novalidate\" data-status=\"init\">\n<div style=\"display: none;\">\n<input type=\"hidden\" name=\"_wpcf7\" value=\"98958\" \/>\n<input type=\"hidden\" name=\"_wpcf7_version\" value=\"6.0.4\" \/>\n<input type=\"hidden\" name=\"_wpcf7_locale\" value=\"de_DE\" \/>\n<input type=\"hidden\" name=\"_wpcf7_unit_tag\" value=\"wpcf7-f98958-o1\" \/>\n<input type=\"hidden\" name=\"_wpcf7_container_post\" value=\"0\" \/>\n<input type=\"hidden\" name=\"_wpcf7_posted_data_hash\" value=\"\" \/>\n<input type=\"hidden\" name=\"_wpcf7_recaptcha_response\" value=\"\" \/>\n<\/div>\n<div class=\"row\">\n\t<div class=\"col-md-6\">\n\t\t<p><span class=\"wpcf7-form-control-wrap\" data-name=\"your-name\"><input size=\"40\" maxlength=\"400\" class=\"wpcf7-form-control wpcf7-text wpcf7-validates-as-required\" aria-required=\"true\" aria-invalid=\"false\" placeholder=\"Name *\" value=\"\" type=\"text\" name=\"your-name\" \/><\/span>\n\t\t<\/p>\n\t<\/div>\n\t<div class=\"col-md-6\">\n\t\t<p><span class=\"wpcf7-form-control-wrap\" data-name=\"tel-977\"><input size=\"40\" maxlength=\"400\" class=\"wpcf7-form-control wpcf7-tel wpcf7-validates-as-required wpcf7-text wpcf7-validates-as-tel\" aria-required=\"true\" aria-invalid=\"false\" placeholder=\"Telefon\" value=\"\" type=\"tel\" name=\"tel-977\" \/><\/span>\n\t\t<\/p>\n\t<\/div>\n\t<div class=\"col-md-6\">\n\t\t<p><span class=\"wpcf7-form-control-wrap\" data-name=\"your-email\"><input size=\"40\" maxlength=\"400\" class=\"wpcf7-form-control wpcf7-email wpcf7-validates-as-required wpcf7-text wpcf7-validates-as-email\" aria-required=\"true\" aria-invalid=\"false\" placeholder=\"E-Mail *\" value=\"\" type=\"email\" name=\"your-email\" \/><\/span>\n\t\t<\/p>\n\t<\/div>\n\t<div class=\"col-md-6\">\n\t\t<p><span class=\"wpcf7-form-control-wrap\" data-name=\"your-subject\"><input size=\"40\" maxlength=\"400\" class=\"wpcf7-form-control wpcf7-text wpcf7-validates-as-required\" aria-required=\"true\" aria-invalid=\"false\" placeholder=\"Thema *\" value=\"\" type=\"text\" name=\"your-subject\" \/><\/span>\n\t\t<\/p>\n\t<\/div>\n\t<div class=\"col-md-12\">\n\t\t<p><span class=\"wpcf7-form-control-wrap\" data-name=\"your-message\"><textarea cols=\"40\" rows=\"10\" maxlength=\"2000\" class=\"wpcf7-form-control wpcf7-textarea\" aria-invalid=\"false\" placeholder=\"Nachricht\" name=\"your-message\"><\/textarea><\/span>\n\t\t<\/p>\n\t<\/div>\n\t<div class=\"col-md-12\">\n\t\t<p><input class=\"wpcf7-form-control wpcf7-submit has-spinner\" type=\"submit\" value=\"Senden Sie\" \/>\n\t\t<\/p>\n\t<\/div>\n<\/div><div class=\"wpcf7-response-output\" aria-hidden=\"true\"><\/div>\n<\/form>\n<\/div>\n<\/div><!-- .contact-form --><\/div><!-- .contact-form-wrapper -->\t\t\t\t<\/div>\n\t\t\t\t<\/div>\n\t\t\t\t<\/div>\n\t\t<div class=\"elementor-element elementor-element-710d828d e-flex e-con-boxed e-con e-child\" data-id=\"710d828d\" data-element_type=\"container\">\n\t\t\t\t\t<div class=\"e-con-inner\">\n\t\t<div class=\"elementor-element elementor-element-69bb496c e-con-full e-flex e-con e-child\" data-id=\"69bb496c\" data-element_type=\"container\">\n\t\t<div class=\"elementor-element elementor-element-682c8c95 e-con-full e-flex e-con e-child\" data-id=\"682c8c95\" data-element_type=\"container\">\n\t\t\t\t<div class=\"elementor-element elementor-element-114f795f elementor-widget elementor-widget-google_maps\" data-id=\"114f795f\" data-element_type=\"widget\" data-widget_type=\"google_maps.default\">\n\t\t\t\t<div class=\"elementor-widget-container\">\n\t\t\t\t\t\t\t<div class=\"elementor-custom-embed\">\n\t\t\t<iframe loading=\"lazy\"\n\t\t\t\t\tsrc=\"https:\/\/maps.google.com\/maps?q=Simon%20Stevinweg%2015%206827%20BS%20Arnhem&#038;t=m&#038;z=15&#038;output=embed&#038;iwloc=near\"\n\t\t\t\t\ttitle=\"Simon Stevinweg 15 6827 BS Arnhem\"\n\t\t\t\t\taria-label=\"Simon Stevinweg 15 6827 BS Arnhem\"\n\t\t\t><\/iframe>\n\t\t<\/div>\n\t\t\t\t\t\t<\/div>\n\t\t\t\t<\/div>\n\t\t\t\t<\/div>\n\t\t\t\t<\/div>\n\t\t\t\t\t<\/div>\n\t\t\t\t<\/div>\n\t\t\t\t\t<\/div>\n\t\t\t\t<\/div>\n\t\t\t\t\t<\/div>\n\t\t\t\t<\/div>\n\t\t\t\t<\/div>\n\t\t","protected":false},"excerpt":{"rendered":"<p>Kontaktieren Sie uns Startseite Kontakt In2group Zusammenarbeit und Innovation Mehr erfahren In2Group ist ein weltweit anerkanntes Beschaffungs- und Beratungsunternehmen, das sich der Bereitstellung einzigartiger, innovativer L\u00f6sungen widmet,..<\/p>\n","protected":false},"author":1,"featured_media":0,"parent":0,"menu_order":0,"comment_status":"closed","ping_status":"closed","template":"","meta":{"footnotes":""},"class_list":["post-98467","page","type-page","status-publish","hentry"],"_links":{"self":[{"href":"https:\/\/in2.group\/de\/wp-json\/wp\/v2\/pages\/98467","targetHints":{"allow":["GET"]}}],"collection":[{"href":"https:\/\/in2.group\/de\/wp-json\/wp\/v2\/pages"}],"about":[{"href":"https:\/\/in2.group\/de\/wp-json\/wp\/v2\/types\/page"}],"author":[{"embeddable":true,"href":"https:\/\/in2.group\/de\/wp-json\/wp\/v2\/users\/1"}],"replies":[{"embeddable":true,"href":"https:\/\/in2.group\/de\/wp-json\/wp\/v2\/comments?post=98467"}],"version-history":[{"count":6,"href":"https:\/\/in2.group\/de\/wp-json\/wp\/v2\/pages\/98467\/revisions"}],"predecessor-version":[{"id":101019,"href":"https:\/\/in2.group\/de\/wp-json\/wp\/v2\/pages\/98467\/revisions\/101019"}],"wp:attachment":[{"href":"https:\/\/in2.group\/de\/wp-json\/wp\/v2\/media?parent=98467"}],"curies":[{"name":"wp","href":"https:\/\/api.w.org\/{rel}","templated":true}]}}